{"id":68,"date":"2021-02-01T05:52:44","date_gmt":"2021-02-01T05:52:44","guid":{"rendered":"http:\/\/toyotec.corporate.dci.in\/?page_id=68"},"modified":"2026-03-24T16:49:11","modified_gmt":"2026-03-24T07:49:11","slug":"quality-policy-environmental-philosophy-declaration-of-corporate","status":"publish","type":"page","link":"https:\/\/www.toyotec.com\/de\/company\/quality-policy-environmental-philosophy-declaration-of-corporate\/","title":{"rendered":"Quality Policy \/ Environmental Philosophy \/ Declaration of Corporate Ethics"},"content":{"rendered":"<p>[et_pb_section fb_built=&#8221;1&#8243; _builder_version=&#8221;4.16&#8243; _module_preset=&#8221;default&#8221; global_colors_info=&#8221;{}&#8221;][et_pb_row custom_padding_last_edited=&#8221;on|phone&#8221; _builder_version=&#8221;4.16&#8243; _module_preset=&#8221;default&#8221; custom_padding=&#8221;3em|3em|3em|3em|true|true&#8221; custom_padding_tablet=&#8221;&#8221; custom_padding_phone=&#8221;1.6em|1.6em|1.6em|1.6em|true|true&#8221; box_shadow_style=&#8221;preset1&#8243; box_shadow_vertical=&#8221;10px&#8221; box_shadow_blur=&#8221;30px&#8221; box_shadow_color=&#8221;rgba(0,0,0,0.1)&#8221; global_colors_info=&#8221;{}&#8221;][et_pb_column type=&#8221;4_4&#8243; _builder_version=&#8221;4.16&#8243; _module_preset=&#8221;default&#8221; global_colors_info=&#8221;{}&#8221;][et_pb_blurb title=&#8221;Quality Policy&#8221; content_max_width=&#8221;100%&#8221; _builder_version=&#8221;4.16&#8243; _module_preset=&#8221;default&#8221; header_text_align=&#8221;left&#8221; header_font_size=&#8221;40px&#8221; header_line_height=&#8221;53px&#8221; body_text_align=&#8221;left&#8221; locked=&#8221;off&#8221; global_colors_info=&#8221;{}&#8221;]Manufacturing Products trusted by customers,<br \/>\nProviding products for customer Satisfaction[\/et_pb_blurb][et_pb_blurb title=&#8221;Toyo Circle Environmental Philosophy &#8221; content_max_width=&#8221;100%&#8221; _builder_version=&#8221;4.19.4&#8243; _module_preset=&#8221;default&#8221; header_text_align=&#8221;left&#8221; header_font_size=&#8221;40px&#8221; header_line_height=&#8221;53px&#8221; body_text_align=&#8221;left&#8221; locked=&#8221;off&#8221; global_colors_info=&#8221;{}&#8221;]<\/p>\n<p>Toyo Circle muss die Produktionsaktivit\u00e4ten f\u00fcr unsere Produkte, Dienstleistungen und Gesch\u00e4ftsaktivit\u00e4ten stets optimieren.<br \/>Dar\u00fcber hinaus m\u00fcssen wir die Umwelt sch\u00fctzen und mit ihr harmonieren um das Vertrauen von Kunden, Endverbrauchern,<br \/>end-users, community and residents.<\/p>\n<p>[\/et_pb_blurb][et_pb_blurb title=&#8221;Environmental Guideline&#8221; content_max_width=&#8221;100%&#8221; _builder_version=&#8221;4.16&#8243; _module_preset=&#8221;default&#8221; header_text_align=&#8221;left&#8221; header_font_size=&#8221;40px&#8221; header_line_height=&#8221;53px&#8221; body_text_align=&#8221;left&#8221; locked=&#8221;off&#8221; global_colors_info=&#8221;{}&#8221;]<\/p>\n<p>1) Kontinuierliche Verbesserung der Umweltleistung bei Gesch\u00e4ftsaktivit\u00e4ten, durch umweltfreundliches Design und Aktivit\u00e4ten zur Reduzierung von Umweltrisiken und das Bestreben, ein sehr umweltfreundliches Unternehmen zu sein.<\/p>\n<p>2) Unsere Unternehmen richten ein Managementsystem f\u00fcr chemische Substanzen ein und bem\u00fchen sich um die Verbesserung von umweltbelastenden Stoffen und chemischen Substanzen in Produkten.<\/p>\n<p>3) Einhaltung nationaler und internationaler Umweltgesetze und -vorschriften. Unternehmen reagieren aktiv auf die Anforderungen von Kunden und verwandten Branchen.<\/p>\n<p>4) Im Einklang mit der Umgebung der lokalen Gemeinschaften beteiligen sich Unternehmen aktiv an Umweltschutzinitiativen.<\/p>\n<p>5) Durch Bildungs- und Werbeaktivit\u00e4ten bem\u00fchen sich unsere Unternehmen, Humanressourcen mit hohem Umweltbewusstsein zu entwickeln.<\/p>\n<p>6) Unsere Unternehmen ver\u00f6ffentlichen Umweltinformationen in angemessener Weise und streben danach, in Harmonie mit der Gesellschaft zu leben.<\/p>\n<p>Diese Richtlinie ist allen Mitarbeitern, der Gemeinschaft und Gesch\u00e4ftspartnern bekannt und<br \/>\u00fcber die Website auch nach au\u00dfen offengelegt.<\/p>\n<p>[\/et_pb_blurb][et_pb_blurb title=&#8221;Declaration of Corporate Ethics&#8221; content_max_width=&#8221;100%&#8221; _builder_version=&#8221;4.27.0&#8243; _module_preset=&#8221;default&#8221; header_text_align=&#8221;left&#8221; header_font_size=&#8221;40px&#8221; header_line_height=&#8221;53px&#8221; body_text_align=&#8221;left&#8221; locked=&#8221;off&#8221; global_colors_info=&#8221;{}&#8221;]<strong><span>We, TOYOTEC Corporation and Corporate group, Toyo-Circle, declare that we will comply with all laws, regulations, and international rules, and that all board members and employees will practice the following corporate ethics together with all stakeholders (business partners, employees, shareholders, and local communities) based on our company motto, \u201cMutual Trust, Mutual Cooperation, and Mutual Connectivity\u201d.<\/span><\/strong><\/p>\n<p><span>(Principles in Action)<\/span><br \/>\n<span>The Company shall sincerely comply with all laws and regulations and act with social good sense in all its management activities.<\/span><\/p>\n<p><span>(Customer service)<\/span><br \/>\n<span>The Company shall treat all customers using the Company in a sincere, cheerful, kind and courteous manner.<\/span><\/p>\n<p><span>(Provide safe and high quality products and services)<\/span><br \/>\n<span>The company shall provide products and services that satisfy customers by manufacturing safe and high quality products that are trusted by customers based on its superior technology and rich experience.<\/span><\/p>\n<p><span>(Proper indication)<\/span><br \/>\n<span>The company shall correctly indicate the quality, contents, etc. of the products and services it provides to its business partners.<\/span><\/p>\n<p><span>(Fair competition)<\/span><br \/>\n<span>The Company shall engage in fair and free competition with other companies in the same trade.<\/span><br \/>\n<span>The Company shall not use fraudulent means to sell or receive orders for products or services.<\/span><\/p>\n<p><span>(Management of confidential information)<\/span><br \/>\n<span>The Company shall strictly manage information on customers obtained in the course of business and the Company&#8217;s own confidential information so that such information will not be leaked to outside parties.<\/span><\/p>\n<p><span>(Troubleshooting for customers)<\/span><br \/>\n<span>The company shall respond promptly and in good faith to any problems that may arise with the customer with respect to the company&#8217;s services.<\/span><\/p>\n<p><span>(Political and administrative relations)<\/span><br \/>\n<span>The Company shall maintain sound and normal relations with politics and government.<\/span><br \/>\n<span>We do not make illegal political contributions, illegal benefits, or bribes.<\/span><\/p>\n<p><span>(Provision of corporate information)<\/span><br \/>\n<span>The Company shall provide appropriate corporate information to business partners, shareholders and other stakeholders as appropriate.<\/span><\/p>\n<p><span>(Environmental Initiatives)<\/span><br \/>\n<span>The company shall recognize the importance of environmental issues and shall actively address environmental issues through the effective use of resources and energy conservation.<\/span><\/p>\n<p><span>(Employee safety and health)<\/span><br \/>\n<span>To ensure the safety and health of employees in the workplace, the company shall take all possible and necessary safety and health measures in buildings and facilities.<\/span><\/p>\n<p><span>(Realization of comfort and affluence for employees)<\/span><br \/>\n<span>The company shall endeavor to realize the economic, mental, and temporal comfort and affluence of its employees by improving working conditions.<\/span><\/p>\n<p><span>(Respect for the character and human rights of employees)<\/span><br \/>\n<span>The Company shall respect the fundamental human rights of its employees and shall not discriminate in its treatment of employees on the basis of race, nationality, ideology, religion, mental or physical disability, age, sex, marital status, or any other reason unrelated to the performance of their duties.<\/span><\/p>\n<p><span>(Formation of workplaces where employees can make the most of their individuality and abilities)<\/span><br \/>\n<span>The Company shall endeavor to create a workplace where each and every employee can maximize his or her individuality, motivation and ability.<\/span><\/p>\n<p><span>(Interaction with local communities)<\/span><br \/>\n<span>The Company, as a good corporate citizen, shall endeavor to contribute to society by deepening its interaction with local communities and participating in local social activities.<\/span><\/p>\n<p><span>(Related Party Transactions)<\/span><br \/>\n<span>The Company shall obtain the approval of the Board of Directors for any transaction with a related party after explaining the transaction to the director in charge of each business office in advance, and the Board of Directors shall confirm the rationality of the transaction and the appropriateness of the transaction terms and conditions.<\/span><\/p>\n<p><span>(Relationship with Anti-Social Forces)<\/span><br \/>\n<span>The Company shall take a firm stand against anti-social forces that threaten social order and sound corporate activities.<\/span><br \/>\n<span>We do not provide economic benefits to anti-social forces.<\/span><\/p>\n<p>&nbsp;<\/p>\n<p><span>The text of the Corporate Code of Ethics is as follows.<\/span><br \/>\n<a href=\"https:\/\/www.toyotec.com\/wp-content\/uploads\/2024\/08\/5100\u4f01\u696d\u502b\u7406\u898f\u7a0b.pdf\">\uff2a\uff30\uff1a\u4f01\u696d\u502b\u7406\u898f\u5b9a<\/a><br \/>\n<a href=\"https:\/\/www.toyotec.com\/wp-content\/uploads\/2024\/08\/0001-Corporate-Code-of-Ethics.pdf\">\uff25\uff2e\uff1aCorporate Code of Ethics<\/a><br \/>\n<a href=\"https:\/\/www.toyotec.com\/wp-content\/uploads\/2024\/09\/\u4f01\u4e1a\u4f26\u7406\u89c4\u7a0b.pdf\">\uff23\uff2e\uff1a\u4f01\u4e1a\u4f26\u7406\u89c4\u7a0b<\/a>[\/et_pb_blurb][\/et_pb_column][\/et_pb_row][\/et_pb_section][et_pb_section fb_built=&#8221;1&#8243; _builder_version=&#8221;4.27.5&#8243; _module_preset=&#8221;default&#8221; custom_padding=&#8221;10px||||false|false&#8221; locked=&#8221;off&#8221; global_colors_info=&#8221;{}&#8221;][et_pb_row _builder_version=&#8221;4.16&#8243; _module_preset=&#8221;default&#8221; global_colors_info=&#8221;{}&#8221;][et_pb_column type=&#8221;4_4&#8243; _builder_version=&#8221;4.16&#8243; _module_preset=&#8221;default&#8221; global_colors_info=&#8221;{}&#8221;][et_pb_text _builder_version=&#8221;4.16&#8243; _module_preset=&#8221;default&#8221; text_text_color=&#8221;#000000&#8243; header_3_font_size=&#8221;20px&#8221; header_3_line_height=&#8221;32px&#8221; custom_margin=&#8221;||||false|false&#8221; custom_padding=&#8221;15px|20px|5px|20px|false|true&#8221; border_width_left=&#8221;6px&#8221; border_color_left=&#8221;#646464&#8243; box_shadow_style=&#8221;preset1&#8243; box_shadow_vertical=&#8221;3px&#8221; box_shadow_blur=&#8221;6px&#8221; box_shadow_color=&#8221;rgba(0,0,0,0.1)&#8221; locked=&#8221;off&#8221; global_colors_info=&#8221;{}&#8221;]<\/p>\n<h3>Erkl\u00e4rung zum Gesundheitsmanagement<\/h3>\n<p>[\/et_pb_text][et_pb_text _builder_version=&#8221;4.16&#8243; _module_preset=&#8221;default&#8221; global_colors_info=&#8221;{}&#8221;]Our goal is to create a workplace where people can enjoy working in good health, both physically and mentally<\/p>\n<p>Toyotec Co., Ltd. <\/p>\n<p>Zur Verwirklichung unserer Unternehmensphilosophie \u201eVerwirklichung einer ideal solidarischen und kooperativen Gesellschaft, getragen von den Gedanken des \u201eGegenseitigen Vertrauens\u201c, der \u201eGegenseitigen Zusammenarbeit\u201c und des \u201eGegenseitigen Wohlstands\u201c.<\/p>\n<p>Wir glauben, dass die Gesundheit unserer Mitarbeiter und ihrer Familien unser wichtigstes Gut ist.<\/p>\n<p>Wir setzen uns daf\u00fcr ein, ihre Gesundheit zu erhalten und zu verbessern, einen sicheren und komfortablen Arbeitsplatz zu schaffen und ihr Familienleben zu bereichern.<\/p>\n<p>We declare our commitment to the realization of a safe and comfortable workplace and the enrichment of family life in order to maintain and improve our health.[\/et_pb_text][et_pb_text _builder_version=&#8221;4.27.5&#8243; _module_preset=&#8221;default&#8221; text_orientation=&#8221;right&#8221; global_colors_info=&#8221;{}&#8221;]<\/p>\n<p>1. Juni 2017<\/p>\n<p>TOYOTEC Co., Ltd.<\/p>\n<p>Chairman Yoshiaki Ono<\/p>\n<p>[\/et_pb_text][et_pb_text _builder_version=&#8221;4.16&#8243; _module_preset=&#8221;default&#8221; text_text_color=&#8221;#000000&#8243; header_3_font_size=&#8221;20px&#8221; header_3_line_height=&#8221;32px&#8221; custom_margin=&#8221;3em||3em||false|false&#8221; custom_padding=&#8221;15px|20px|5px|20px|false|true&#8221; border_width_left=&#8221;6px&#8221; border_color_left=&#8221;#646464&#8243; box_shadow_style=&#8221;preset1&#8243; box_shadow_vertical=&#8221;3px&#8221; box_shadow_blur=&#8221;6px&#8221; box_shadow_color=&#8221;rgba(0,0,0,0.1)&#8221; locked=&#8221;off&#8221; global_colors_info=&#8221;{}&#8221;]<\/p>\n<h3>Unsere Zunkunstsvision<\/h3>\n<p>[\/et_pb_text][et_pb_text module_class=&#8221;sustainability_table&#8221; _builder_version=&#8221;4.16&#8243; _module_preset=&#8221;default&#8221; header_4_line_height=&#8221;1.3em&#8221; global_colors_info=&#8221;{}&#8221;]<\/p>\n<table>\n<thead>\n<tr>\n<td>Gesundheitsmanagement soll die Mitarbeiter nicht belasten<\/td>\n<td>F\u00f6rderung einer Gesundheitskultur durch Ermutigung der Mitarbeiter, sich freiwillig um die Verbesserung ihres Gesundheitsmanagements zu bem\u00fchen<\/td>\n<\/tr>\n<\/thead>\n<tbody>\n<tr>\n<td>\n<h4><strong>1. F\u00f6rderung des Gesundheitsbewusstseins (Verbesserung der Gesundheitskompetenz) Aushang von Erkl\u00e4rungen zum<\/strong><\/h4>\n<ul>\n<li>Gesundheitsmanagement (Website, Firmennewsletter etc.)<\/li>\n<li>Erhebung und Visualisierung von Gesundheitsdaten<\/li>\n<li>Verbreitung von Gesundheitsinformationen<\/li>\n<li>Singen der Aktionsrichtlinien<\/li>\n<\/ul>\n<h4><strong>2. Nachbereitung von Gesundheitschecks, spezifische Gesundheitsberatung usw.<\/strong><\/h4>\n<ul>\n<li>Setzen Sie sich das Ziel, eine Gesundheitscheckrate von 100 % aufrechtzuerhalten.<\/li>\n<li>Nachsorge bei medizinischen Untersuchungen f\u00fcr Angeh\u00f6rige und Bereitstellung von Hilfsmitteln.<\/li>\n<\/ul>\n<\/td>\n<td>\n<h4><strong>3. Durchf\u00fchrung von Veranstaltungen zur Gesundheitsf\u00f6rderung und Kommunikation<\/strong><\/h4>\n<ul>\n<li>Sportveranstaltungen (Marathon und Bowling)<\/li>\n<li>Sommerfest<\/li>\n<\/ul>\n<h4><strong>4. \u00dcbungsunterst\u00fctzung<\/strong><\/h4>\n<ul>\n<li>Nutzung des Fitnessstudios<\/li>\n<li>Radio-Calisthenics vor der Morgenversammlung<\/li>\n<\/ul>\n<\/td>\n<\/tr>\n<\/tbody>\n<\/table>\n<p>[\/et_pb_text][et_pb_button button_text=&#8221;Back To Top&#8221; button_alignment=&#8221;center&#8221; module_id=&#8221;clicktotop&#8221; _builder_version=&#8221;4.16&#8243; _module_preset=&#8221;default&#8221; custom_button=&#8221;on&#8221; button_text_color=&#8221;#000000&#8243; button_bg_color=&#8221;#FFFF00&#8243; button_border_width=&#8221;0px&#8221; button_border_radius=&#8221;0px&#8221; button_font=&#8221;|300|||||||&#8221; button_use_icon=&#8221;off&#8221; custom_margin=&#8221;4em||||false|false&#8221; custom_padding=&#8221;0.7em|4em|0.7em|4em|true|true&#8221; locked=&#8221;off&#8221; global_colors_info=&#8221;{}&#8221;][\/et_pb_button][\/et_pb_column][\/et_pb_row][\/et_pb_section]<\/p>","protected":false},"excerpt":{"rendered":"<p>Manufacturing Products trusted by customers, Providing products for customer SatisfactionToyo Circle have to always optimize production activity for our products, services and business activity.In addition, we have to protect and harmony with environment and keep firm confidence from customers,end-users, community and residents.1) Continuous improvement of environmental performance in business activities, through the environment-friendly design and [&hellip;]<\/p>","protected":false},"author":1,"featured_media":0,"parent":6698,"menu_order":0,"comment_status":"closed","ping_status":"closed","template":"page-with-breadcrumbs.php","meta":{"_et_pb_use_builder":"on","_et_pb_old_content":"","_et_gb_content_width":"","footnotes":""},"class_list":["post-68","page","type-page","status-publish","hentry"],"acf":[],"yoast_head":"<!-- This site is optimized with the Yoast SEO plugin v21.8.1 - https:\/\/yoast.com\/wordpress\/plugins\/seo\/ -->\n<title>Quality and Environment Policy and Declaration of Corporate Ethics of TOYOTEC Co., Ltd<\/title>\n<meta name=\"description\" content=\"TOYOTEC is committed to manufacturing products that are trusted by our customers, providing products that satisfy our customers, and promoting environmental conservation activities in harmony with people, nature, and the environment through our optical and precision machinery manufacturing business.\" \/>\n<meta name=\"robots\" content=\"index, follow, max-snippet:-1, max-image-preview:large, max-video-preview:-1\" \/>\n<link rel=\"canonical\" href=\"https:\/\/www.toyotec.com\/de\/company\/quality-policy-environmental-philosophy-declaration-of-corporate\/\" \/>\n<meta property=\"og:locale\" content=\"de_DE\" \/>\n<meta property=\"og:type\" content=\"article\" \/>\n<meta property=\"og:title\" content=\"Quality and Environment Policy and Declaration of Corporate Ethics of TOYOTEC Co., Ltd\" \/>\n<meta property=\"og:description\" content=\"TOYOTEC is committed to manufacturing products that are trusted by our customers, providing products that satisfy our customers, and promoting environmental conservation activities in harmony with people, nature, and the environment through our optical and precision machinery manufacturing business.\" \/>\n<meta property=\"og:url\" content=\"https:\/\/www.toyotec.com\/de\/company\/quality-policy-environmental-philosophy-declaration-of-corporate\/\" \/>\n<meta property=\"og:site_name\" content=\"TOYOTEC Co., Ltd.\" \/>\n<meta property=\"article:publisher\" content=\"https:\/\/www.facebook.com\/ToyotecCoLtd\" \/>\n<meta property=\"article:modified_time\" content=\"2026-03-24T07:49:11+00:00\" \/>\n<meta name=\"twitter:card\" content=\"summary_large_image\" \/>\n<meta name=\"twitter:label1\" content=\"Gesch\u00e4tzte Lesezeit\" \/>\n\t<meta name=\"twitter:data1\" content=\"5\u00a0Minuten\" \/>\n<script type=\"application\/ld+json\" class=\"yoast-schema-graph\">{\"@context\":\"https:\/\/schema.org\",\"@graph\":[{\"@type\":\"WebPage\",\"@id\":\"https:\/\/www.toyotec.com\/company\/quality-policy-environmental-philosophy-declaration-of-corporate\/\",\"url\":\"https:\/\/www.toyotec.com\/company\/quality-policy-environmental-philosophy-declaration-of-corporate\/\",\"name\":\"Quality and Environment Policy and Declaration of Corporate Ethics of TOYOTEC Co., Ltd\",\"isPartOf\":{\"@id\":\"https:\/\/www.toyotec.com\/#website\"},\"datePublished\":\"2021-02-01T05:52:44+00:00\",\"dateModified\":\"2026-03-24T07:49:11+00:00\",\"description\":\"TOYOTEC is committed to manufacturing products that are trusted by our customers, providing products that satisfy our customers, and promoting environmental conservation activities in harmony with people, nature, and the environment through our optical and precision machinery manufacturing business.\",\"breadcrumb\":{\"@id\":\"https:\/\/www.toyotec.com\/company\/quality-policy-environmental-philosophy-declaration-of-corporate\/#breadcrumb\"},\"inLanguage\":\"de\",\"potentialAction\":[{\"@type\":\"ReadAction\",\"target\":[\"https:\/\/www.toyotec.com\/company\/quality-policy-environmental-philosophy-declaration-of-corporate\/\"]}]},{\"@type\":\"BreadcrumbList\",\"@id\":\"https:\/\/www.toyotec.com\/company\/quality-policy-environmental-philosophy-declaration-of-corporate\/#breadcrumb\",\"itemListElement\":[{\"@type\":\"ListItem\",\"position\":1,\"name\":\"Home\",\"item\":\"https:\/\/www.toyotec.com\/\"},{\"@type\":\"ListItem\",\"position\":2,\"name\":\"Company\",\"item\":\"https:\/\/www.toyotec.com\/company\/\"},{\"@type\":\"ListItem\",\"position\":3,\"name\":\"Quality Policy \/ Environmental Philosophy \/ Declaration of Corporate Ethics\"}]},{\"@type\":\"WebSite\",\"@id\":\"https:\/\/www.toyotec.com\/#website\",\"url\":\"https:\/\/www.toyotec.com\/\",\"name\":\"TOYOTEC Co., Ltd.\",\"description\":\"Official Corporate Website\",\"publisher\":{\"@id\":\"https:\/\/www.toyotec.com\/#organization\"},\"potentialAction\":[{\"@type\":\"SearchAction\",\"target\":{\"@type\":\"EntryPoint\",\"urlTemplate\":\"https:\/\/www.toyotec.com\/?s={search_term_string}\"},\"query-input\":\"required name=search_term_string\"}],\"inLanguage\":\"de\"},{\"@type\":\"Organization\",\"@id\":\"https:\/\/www.toyotec.com\/#organization\",\"name\":\"Toyotec\",\"url\":\"https:\/\/www.toyotec.com\/\",\"logo\":{\"@type\":\"ImageObject\",\"inLanguage\":\"de\",\"@id\":\"https:\/\/www.toyotec.com\/#\/schema\/logo\/image\/\",\"url\":\"https:\/\/www.toyotec.com\/wp-content\/uploads\/2021\/02\/main-logo.png\",\"contentUrl\":\"https:\/\/www.toyotec.com\/wp-content\/uploads\/2021\/02\/main-logo.png\",\"width\":453,\"height\":62,\"caption\":\"Toyotec\"},\"image\":{\"@id\":\"https:\/\/www.toyotec.com\/#\/schema\/logo\/image\/\"},\"sameAs\":[\"https:\/\/www.facebook.com\/ToyotecCoLtd\",\"https:\/\/www.linkedin.com\/company\/toyotec\/\",\"https:\/\/www.youtube.com\/channel\/UCVKCAe0HpVrHo-XwY0oV2mg\"]}]}<\/script>\n<!-- \/ Yoast SEO plugin. -->","yoast_head_json":{"title":"Quality and Environment Policy and Declaration of Corporate Ethics of TOYOTEC Co., Ltd","description":"TOYOTEC is committed to manufacturing products that are trusted by our customers, providing products that satisfy our customers, and promoting environmental conservation activities in harmony with people, nature, and the environment through our optical and precision machinery manufacturing business.","robots":{"index":"index","follow":"follow","max-snippet":"max-snippet:-1","max-image-preview":"max-image-preview:large","max-video-preview":"max-video-preview:-1"},"canonical":"https:\/\/www.toyotec.com\/de\/company\/quality-policy-environmental-philosophy-declaration-of-corporate\/","og_locale":"de_DE","og_type":"article","og_title":"Quality and Environment Policy and Declaration of Corporate Ethics of TOYOTEC Co., Ltd","og_description":"TOYOTEC is committed to manufacturing products that are trusted by our customers, providing products that satisfy our customers, and promoting environmental conservation activities in harmony with people, nature, and the environment through our optical and precision machinery manufacturing business.","og_url":"https:\/\/www.toyotec.com\/de\/company\/quality-policy-environmental-philosophy-declaration-of-corporate\/","og_site_name":"TOYOTEC Co., Ltd.","article_publisher":"https:\/\/www.facebook.com\/ToyotecCoLtd","article_modified_time":"2026-03-24T07:49:11+00:00","twitter_card":"summary_large_image","twitter_misc":{"Gesch\u00e4tzte Lesezeit":"5\u00a0Minuten"},"schema":{"@context":"https:\/\/schema.org","@graph":[{"@type":"WebPage","@id":"https:\/\/www.toyotec.com\/company\/quality-policy-environmental-philosophy-declaration-of-corporate\/","url":"https:\/\/www.toyotec.com\/company\/quality-policy-environmental-philosophy-declaration-of-corporate\/","name":"Quality and Environment Policy and Declaration of Corporate Ethics of TOYOTEC Co., Ltd","isPartOf":{"@id":"https:\/\/www.toyotec.com\/#website"},"datePublished":"2021-02-01T05:52:44+00:00","dateModified":"2026-03-24T07:49:11+00:00","description":"TOYOTEC is committed to manufacturing products that are trusted by our customers, providing products that satisfy our customers, and promoting environmental conservation activities in harmony with people, nature, and the environment through our optical and precision machinery manufacturing business.","breadcrumb":{"@id":"https:\/\/www.toyotec.com\/company\/quality-policy-environmental-philosophy-declaration-of-corporate\/#breadcrumb"},"inLanguage":"de","potentialAction":[{"@type":"ReadAction","target":["https:\/\/www.toyotec.com\/company\/quality-policy-environmental-philosophy-declaration-of-corporate\/"]}]},{"@type":"BreadcrumbList","@id":"https:\/\/www.toyotec.com\/company\/quality-policy-environmental-philosophy-declaration-of-corporate\/#breadcrumb","itemListElement":[{"@type":"ListItem","position":1,"name":"Home","item":"https:\/\/www.toyotec.com\/"},{"@type":"ListItem","position":2,"name":"Company","item":"https:\/\/www.toyotec.com\/company\/"},{"@type":"ListItem","position":3,"name":"Quality Policy \/ Environmental Philosophy \/ Declaration of Corporate Ethics"}]},{"@type":"WebSite","@id":"https:\/\/www.toyotec.com\/#website","url":"https:\/\/www.toyotec.com\/","name":"TOYOTEC Co., Ltd.","description":"Official Corporate Website","publisher":{"@id":"https:\/\/www.toyotec.com\/#organization"},"potentialAction":[{"@type":"SearchAction","target":{"@type":"EntryPoint","urlTemplate":"https:\/\/www.toyotec.com\/?s={search_term_string}"},"query-input":"required name=search_term_string"}],"inLanguage":"de"},{"@type":"Organization","@id":"https:\/\/www.toyotec.com\/#organization","name":"Toyotec","url":"https:\/\/www.toyotec.com\/","logo":{"@type":"ImageObject","inLanguage":"de","@id":"https:\/\/www.toyotec.com\/#\/schema\/logo\/image\/","url":"https:\/\/www.toyotec.com\/wp-content\/uploads\/2021\/02\/main-logo.png","contentUrl":"https:\/\/www.toyotec.com\/wp-content\/uploads\/2021\/02\/main-logo.png","width":453,"height":62,"caption":"Toyotec"},"image":{"@id":"https:\/\/www.toyotec.com\/#\/schema\/logo\/image\/"},"sameAs":["https:\/\/www.facebook.com\/ToyotecCoLtd","https:\/\/www.linkedin.com\/company\/toyotec\/","https:\/\/www.youtube.com\/channel\/UCVKCAe0HpVrHo-XwY0oV2mg"]}]}},"_links":{"self":[{"href":"https:\/\/www.toyotec.com\/de\/wp-json\/wp\/v2\/pages\/68"}],"collection":[{"href":"https:\/\/www.toyotec.com\/de\/wp-json\/wp\/v2\/pages"}],"about":[{"href":"https:\/\/www.toyotec.com\/de\/wp-json\/wp\/v2\/types\/page"}],"author":[{"embeddable":true,"href":"https:\/\/www.toyotec.com\/de\/wp-json\/wp\/v2\/users\/1"}],"replies":[{"embeddable":true,"href":"https:\/\/www.toyotec.com\/de\/wp-json\/wp\/v2\/comments?post=68"}],"version-history":[{"count":21,"href":"https:\/\/www.toyotec.com\/de\/wp-json\/wp\/v2\/pages\/68\/revisions"}],"predecessor-version":[{"id":7096,"href":"https:\/\/www.toyotec.com\/de\/wp-json\/wp\/v2\/pages\/68\/revisions\/7096"}],"up":[{"embeddable":true,"href":"https:\/\/www.toyotec.com\/de\/wp-json\/wp\/v2\/pages\/6698"}],"wp:attachment":[{"href":"https:\/\/www.toyotec.com\/de\/wp-json\/wp\/v2\/media?parent=68"}],"curies":[{"name":"wp","href":"https:\/\/api.w.org\/{rel}","templated":true}]}}