{"id":6673,"date":"2026-02-10T20:48:12","date_gmt":"2026-02-10T11:48:12","guid":{"rendered":"https:\/\/www.toyotec.com\/?page_id=6673"},"modified":"2026-04-29T16:05:15","modified_gmt":"2026-04-29T07:05:15","slug":"management-policy","status":"publish","type":"page","link":"https:\/\/www.toyotec.com\/de\/management-policy\/","title":{"rendered":"Management Policy"},"content":{"rendered":"<p>[et_pb_section fb_built=&#8221;1&#8243; _builder_version=&#8221;4.16&#8243; _module_preset=&#8221;default&#8221; background_color=&#8221;#ffffff&#8221; background_image=&#8221;http:\/\/toyotec.com\/wp-content\/uploads\/2021\/02\/banner_image_1.png&#8221; custom_padding=&#8221;30px||30px||true|&#8221; custom_css_after=&#8221;content: %22 %22;||display: block;||position: absolute;||top: 0px;||left: 0px;||width: 100%;||height: 100%;||background-color: rgba(0,0,0,0.4);&#8221; global_colors_info=&#8221;{}&#8221;][et_pb_row custom_padding_last_edited=&#8221;on|phone&#8221; _builder_version=&#8221;4.27.5&#8243; _module_preset=&#8221;default&#8221; custom_padding=&#8221;4em||4em||true|false&#8221; custom_padding_tablet=&#8221;&#8221; custom_padding_phone=&#8221;2em||2em||true|false&#8221; global_colors_info=&#8221;{}&#8221;][et_pb_column type=&#8221;4_4&#8243; _builder_version=&#8221;4.16&#8243; _module_preset=&#8221;default&#8221; global_colors_info=&#8221;{}&#8221;][et_pb_text _builder_version=&#8221;4.27.5&#8243; _module_preset=&#8221;default&#8221; text_font=&#8221;Noto Sans||||||||&#8221; text_text_color=&#8221;#FFFFFF&#8221; header_2_text_align=&#8221;center&#8221; header_2_text_color=&#8221;#FFFFFF&#8221; header_2_font_size=&#8221;40px&#8221; header_2_line_height=&#8221;50px&#8221; global_colors_info=&#8221;{}&#8221;]<\/p>\n<h2>Management Policy<\/h2>\n<p>[\/et_pb_text][\/et_pb_column][\/et_pb_row][\/et_pb_section][et_pb_section fb_built=&#8221;1&#8243; _builder_version=&#8221;4.27.5&#8243; _module_preset=&#8221;default&#8221; custom_padding=&#8221;0px||0px||false|false&#8221; global_colors_info=&#8221;{}&#8221;][et_pb_row _builder_version=&#8221;4.27.5&#8243; _module_preset=&#8221;default&#8221; custom_padding=&#8221;||0px||false|false&#8221; global_colors_info=&#8221;{}&#8221;][et_pb_column type=&#8221;4_4&#8243; _builder_version=&#8221;4.27.5&#8243; _module_preset=&#8221;default&#8221; global_colors_info=&#8221;{}&#8221;][et_pb_button button_url=&#8221;https:\/\/www.toyotec.com\/company\/sustainability\/&#8221; button_text=&#8221;Sustainability&#8221; button_alignment=&#8221;right&#8221; button_alignment_tablet=&#8221;center&#8221; button_alignment_phone=&#8221;center&#8221; button_alignment_last_edited=&#8221;on|tablet&#8221; _builder_version=&#8221;4.27.6&#8243; _module_preset=&#8221;default&#8221; global_colors_info=&#8221;{}&#8221;][\/et_pb_button][\/et_pb_column][\/et_pb_row][\/et_pb_section][et_pb_section fb_built=&#8221;1&#8243; custom_padding_last_edited=&#8221;off|desktop&#8221; module_class=&#8221;vision-section&#8221; _builder_version=&#8221;4.27.6&#8243; _module_preset=&#8221;default&#8221; max_width=&#8221;1080px&#8221; custom_margin=&#8221;0px|auto||auto|false|false&#8221; custom_padding=&#8221;|10px|0px|10px|false|true&#8221; custom_padding_phone=&#8221;|10px|1px|10px|false|true&#8221; global_colors_info=&#8221;{}&#8221;][et_pb_row module_class=&#8221;tri-row&#8221; _builder_version=&#8221;4.27.5&#8243; _module_preset=&#8221;default&#8221; width=&#8221;100%&#8221; global_colors_info=&#8221;{}&#8221;][et_pb_column type=&#8221;4_4&#8243; _builder_version=&#8221;4.27.5&#8243; _module_preset=&#8221;default&#8221; global_colors_info=&#8221;{}&#8221;][et_pb_code _builder_version=&#8221;4.27.5&#8243; _module_preset=&#8221;default&#8221; global_colors_info=&#8221;{}&#8221;]<\/p>\n<div class=\"triangle-bg\"><\/div>\n<p>[\/et_pb_code][\/et_pb_column][\/et_pb_row][et_pb_row column_structure=&#8221;3_5,2_5&#8243; use_custom_gutter=&#8221;on&#8221; gutter_width=&#8221;1&#8243; make_equal=&#8221;on&#8221; module_class=&#8221;vision-row&#8221; _builder_version=&#8221;4.27.5&#8243; _module_preset=&#8221;default&#8221; width=&#8221;100%&#8221; border_width_bottom=&#8221;10px&#8221; border_color_bottom=&#8221;#FFFFFF&#8221; global_colors_info=&#8221;{}&#8221;][et_pb_column type=&#8221;3_5&#8243; _builder_version=&#8221;4.27.5&#8243; _module_preset=&#8221;default&#8221; global_colors_info=&#8221;{}&#8221;][et_pb_blurb title=&#8221;Mission&#8221; _builder_version=&#8221;4.27.5&#8243; _module_preset=&#8221;default&#8221; header_level=&#8221;h3&#8243; header_font=&#8221;|700|||||||&#8221; header_text_align=&#8221;left&#8221; header_text_color=&#8221;#003366&#8243; header_font_size=&#8221;40px&#8221; body_font=&#8221;|700|||||||&#8221; body_text_color=&#8221;#003366&#8243; global_colors_info=&#8221;{}&#8221;]<\/p>\n<p>Unser Ziel und unsere Mission<\/p>\n<p>[\/et_pb_blurb][\/et_pb_column][et_pb_column type=&#8221;2_5&#8243; _builder_version=&#8221;4.27.5&#8243; _module_preset=&#8221;default&#8221; global_colors_info=&#8221;{}&#8221;][et_pb_text _builder_version=&#8221;4.27.5&#8243; _module_preset=&#8221;default&#8221; text_orientation_tablet=&#8221;center&#8221; text_orientation_phone=&#8221;center&#8221; text_orientation_last_edited=&#8221;on|tablet&#8221; global_colors_info=&#8221;{}&#8221;]Together with our customers and local communities,we strive to create a world filled with light.[\/et_pb_text][\/et_pb_column][\/et_pb_row][et_pb_row column_structure=&#8221;3_5,2_5&#8243; use_custom_gutter=&#8221;on&#8221; gutter_width=&#8221;1&#8243; make_equal=&#8221;on&#8221; module_class=&#8221;vision-row&#8221; _builder_version=&#8221;4.27.5&#8243; _module_preset=&#8221;default&#8221; width=&#8221;100%&#8221; border_width_bottom=&#8221;10px&#8221; border_color_bottom=&#8221;#FFFFFF&#8221; global_colors_info=&#8221;{}&#8221;][et_pb_column type=&#8221;3_5&#8243; _builder_version=&#8221;4.27.5&#8243; _module_preset=&#8221;default&#8221; global_colors_info=&#8221;{}&#8221;][et_pb_blurb title=&#8221;Vision&#8221; _builder_version=&#8221;4.27.5&#8243; _module_preset=&#8221;default&#8221; header_level=&#8221;h3&#8243; header_font=&#8221;|700|||||||&#8221; header_text_align=&#8221;left&#8221; header_text_color=&#8221;#003366&#8243; header_font_size=&#8221;40px&#8221; body_font=&#8221;|700|||||||&#8221; body_text_color=&#8221;#003366&#8243; global_colors_info=&#8221;{}&#8221;]<\/p>\n<p>Unsere Vision f\u00fcr die Zukunft<\/p>\n<p>[\/et_pb_blurb][\/et_pb_column][et_pb_column type=&#8221;2_5&#8243; _builder_version=&#8221;4.27.5&#8243; _module_preset=&#8221;default&#8221; global_colors_info=&#8221;{}&#8221;][et_pb_text _builder_version=&#8221;4.27.5&#8243; _module_preset=&#8221;default&#8221; text_orientation_tablet=&#8221;center&#8221; text_orientation_phone=&#8221;center&#8221; text_orientation_last_edited=&#8221;on|tablet&#8221; global_colors_info=&#8221;{}&#8221;]<\/p>\n<p>Durch die kontinuierliche Weiterentwicklung optischer Technologien und pr\u00e4ziser Maschinenbauverfahren streben wir danach, ein wertorientiertes Unternehmen voller Tr\u00e4ume und Vitalit\u00e4t zu werden.<\/p>\n<p>[\/et_pb_text][et_pb_button button_url=&#8221;#&#8221; button_text=&#8221;Mid-Term Management Policy&#8221; button_alignment_tablet=&#8221;center&#8221; button_alignment_phone=&#8221;center&#8221; button_alignment_last_edited=&#8221;on|tablet&#8221; _builder_version=&#8221;4.27.6&#8243; _module_preset=&#8221;default&#8221; custom_button=&#8221;on&#8221; button_text_size=&#8221;14px&#8221; custom_margin=&#8221;12px||||false|false&#8221; global_colors_info=&#8221;{}&#8221;][\/et_pb_button][\/et_pb_column][\/et_pb_row][et_pb_row column_structure=&#8221;3_5,2_5&#8243; use_custom_gutter=&#8221;on&#8221; gutter_width=&#8221;1&#8243; make_equal=&#8221;on&#8221; module_class=&#8221;vision-row&#8221; _builder_version=&#8221;4.27.5&#8243; _module_preset=&#8221;default&#8221; width=&#8221;100%&#8221; global_colors_info=&#8221;{}&#8221;][et_pb_column type=&#8221;3_5&#8243; _builder_version=&#8221;4.27.5&#8243; _module_preset=&#8221;default&#8221; global_colors_info=&#8221;{}&#8221;][et_pb_blurb title=&#8221;Value&#8221; _builder_version=&#8221;4.27.5&#8243; _module_preset=&#8221;default&#8221; header_level=&#8221;h3&#8243; header_font=&#8221;|700|||||||&#8221; header_text_align=&#8221;left&#8221; header_text_color=&#8221;#003366&#8243; header_font_size=&#8221;40px&#8221; body_font=&#8221;|700|||||||&#8221; body_text_color=&#8221;#003366&#8243; global_colors_info=&#8221;{}&#8221;]<\/p>\n<p>Unsere Grundwerte und Prinzipien<\/p>\n<p>[\/et_pb_blurb][\/et_pb_column][et_pb_column type=&#8221;2_5&#8243; _builder_version=&#8221;4.27.5&#8243; _module_preset=&#8221;default&#8221; global_colors_info=&#8221;{}&#8221;][et_pb_text _builder_version=&#8221;4.27.5&#8243; _module_preset=&#8221;default&#8221; text_orientation_tablet=&#8221;center&#8221; text_orientation_phone=&#8221;center&#8221; text_orientation_last_edited=&#8221;on|tablet&#8221; global_colors_info=&#8221;{}&#8221;]<\/p>\n<p>\u30fbGegenseitiges Vertrauen \u30fbGegenseitige Zusammenarbeit \u30fbGegenseitiger Wohlstand<br \/>Gemeinsam mit unseren Kunden, Mitarbeitern und lokalen Gemeinschaften.<\/p>\n<p>[\/et_pb_text][\/et_pb_column][\/et_pb_row][et_pb_row column_structure=&#8221;3_5,2_5&#8243; use_custom_gutter=&#8221;on&#8221; gutter_width=&#8221;1&#8243; make_equal=&#8221;on&#8221; module_class=&#8221;vision-row&#8221; _builder_version=&#8221;4.27.5&#8243; _module_preset=&#8221;default&#8221; width=&#8221;100%&#8221; border_width_bottom=&#8221;10px&#8221; border_color_bottom=&#8221;#FFFFFF&#8221; global_colors_info=&#8221;{}&#8221;][et_pb_column type=&#8221;3_5&#8243; _builder_version=&#8221;4.27.5&#8243; _module_preset=&#8221;default&#8221; global_colors_info=&#8221;{}&#8221;][et_pb_blurb _builder_version=&#8221;4.27.5&#8243; _module_preset=&#8221;default&#8221; header_level=&#8221;h3&#8243; header_font=&#8221;|700|||||||&#8221; header_text_align=&#8221;left&#8221; header_text_color=&#8221;#003366&#8243; header_font_size=&#8221;40px&#8221; body_font=&#8221;|700|||||||&#8221; body_text_color=&#8221;#003366&#8243; global_colors_info=&#8221;{}&#8221;]Our Guiding Principles[\/et_pb_blurb][\/et_pb_column][et_pb_column type=&#8221;2_5&#8243; _builder_version=&#8221;4.27.5&#8243; _module_preset=&#8221;default&#8221; global_colors_info=&#8221;{}&#8221;][et_pb_text _builder_version=&#8221;4.27.5&#8243; _module_preset=&#8221;default&#8221; text_orientation_tablet=&#8221;center&#8221; text_orientation_phone=&#8221;center&#8221; text_orientation_last_edited=&#8221;on|tablet&#8221; global_colors_info=&#8221;{}&#8221;]<\/p>\n<p>\u30fbWir schaffen einen angenehmen und erf\u00fcllenden Arbeitsplatz<br \/>\u30fbWir streben eine effiziente und qualitativ hochwertige Fertigung an<br \/>\u30fbWir streben nach nachhaltiger Rentabilit\u00e4t<\/p>\n<p>[\/et_pb_text][\/et_pb_column][\/et_pb_row][et_pb_row column_structure=&#8221;3_5,2_5&#8243; use_custom_gutter=&#8221;on&#8221; gutter_width=&#8221;1&#8243; make_equal=&#8221;on&#8221; module_class=&#8221;vision-row vision-row5&#8243; _builder_version=&#8221;4.27.6&#8243; _module_preset=&#8221;default&#8221; width=&#8221;100%&#8221; hover_enabled=&#8221;0&#8243; global_colors_info=&#8221;{}&#8221; sticky_enabled=&#8221;0&#8243;][et_pb_column type=&#8221;3_5&#8243; _builder_version=&#8221;4.27.5&#8243; _module_preset=&#8221;default&#8221; global_colors_info=&#8221;{}&#8221;][et_pb_blurb title=&#8221;Commitment&#8221; _builder_version=&#8221;4.27.5&#8243; _module_preset=&#8221;default&#8221; header_level=&#8221;h3&#8243; header_font=&#8221;|700|||||||&#8221; header_text_align=&#8221;left&#8221; header_text_color=&#8221;#003366&#8243; header_font_size=&#8221;40px&#8221; body_font=&#8221;|700|||||||&#8221; body_text_color=&#8221;#003366&#8243; global_colors_info=&#8221;{}&#8221;]<\/p>\n<p>Unsere Verpflichtung und Verhaltenskodex<\/p>\n<p>[\/et_pb_blurb][\/et_pb_column][et_pb_column type=&#8221;2_5&#8243; _builder_version=&#8221;4.27.6&#8243; _module_preset=&#8221;default&#8221; custom_padding=&#8221;|||10px|false|false&#8221; hover_enabled=&#8221;0&#8243; global_colors_info=&#8221;{}&#8221; custom_padding_last_edited=&#8221;on|desktop&#8221; sticky_enabled=&#8221;0&#8243; custom_padding_tablet=&#8221;|||0px|false|false&#8221; custom_padding_phone=&#8221;|||0px|false|false&#8221;][et_pb_text _builder_version=&#8221;4.27.5&#8243; _module_preset=&#8221;default&#8221; text_orientation_tablet=&#8221;center&#8221; text_orientation_phone=&#8221;center&#8221; text_orientation_last_edited=&#8221;on|tablet&#8221; global_colors_info=&#8221;{}&#8221;]<\/p>\n<p>Ich schaffe die Qualit\u00e4t meiner Arbeit.<br \/>Ich schaffe mein Arbeitsumfeld.<br \/>Ich sch\u00fctze meine eigene Gesundheit und mein Wohlbefinden.<br \/>Ich bringe unseren Kunden ein L\u00e4cheln ins Gesicht.<br \/>Wir arbeiten f\u00fcr unsere Kunden \u2013 und auch f\u00fcr uns selbst.<\/p>\n<p>[\/et_pb_text][et_pb_button button_url=&#8221;https:\/\/www.toyotec.com\/company\/quality-policy-environmental-philosophy-declaration-of-corporate\/&#8221; button_text=&#8221;Quality Policy \u00b7 Environmental Policy \u00b7 Code of Ethics &#8221; button_alignment=&#8221;left&#8221; button_alignment_tablet=&#8221;center&#8221; button_alignment_phone=&#8221;center&#8221; button_alignment_last_edited=&#8221;on|tablet&#8221; _builder_version=&#8221;4.27.6&#8243; _module_preset=&#8221;default&#8221; custom_button=&#8221;on&#8221; button_text_size=&#8221;14px&#8221; custom_margin=&#8221;12px||||false|false&#8221; global_colors_info=&#8221;{}&#8221;][\/et_pb_button][\/et_pb_column][\/et_pb_row][\/et_pb_section][et_pb_section fb_built=&#8221;1&#8243; custom_padding_last_edited=&#8221;on|phone&#8221; admin_label=&#8221;\u30bb\u30af\u30b7\u30e7\u30f3&#8221; _builder_version=&#8221;4.27.5&#8243; _module_preset=&#8221;default&#8221; custom_padding=&#8221;40px||40px||true|false&#8221; custom_padding_tablet=&#8221;&#8221; custom_padding_phone=&#8221;0px||0px||true|false&#8221; global_colors_info=&#8221;{}&#8221;][et_pb_row module_class=&#8221;bus_circ&#8221; _builder_version=&#8221;4.27.5&#8243; _module_preset=&#8221;default&#8221; custom_padding=&#8221;29px||29px||true|&#8221; global_colors_info=&#8221;{}&#8221;][et_pb_column type=&#8221;4_4&#8243; _builder_version=&#8221;4.16&#8243; _module_preset=&#8221;default&#8221; global_colors_info=&#8221;{}&#8221;][et_pb_blurb title=&#8221;Business Group TOYOTEC Group (Toyo Circle)&#8221; _builder_version=&#8221;4.16&#8243; _module_preset=&#8221;default&#8221; header_font_size=&#8221;34px&#8221; header_line_height=&#8221;46px&#8221; global_colors_info=&#8221;{}&#8221;]In 1970 Toyo Circle was established by the companies who share the same business areas and philosophy with its slogan of &#8220;Mutual trust, mutual cooperation, and mutual growth&#8221;.<\/p>\n<p>Entsprechend den Zielen des Kreises soll jedes einzelne Mitglied seine jeweilige Kompetenz intensivieren, was letztendlich die Wettbewerbsf\u00e4higkeit des Kreises in der Gruppe st\u00e4rken wird.<\/p>\n<p>Toyo Circle provides the one-stop solution for your needs in the field of Optical, Precised mechanics.[\/et_pb_blurb][\/et_pb_column][\/et_pb_row][\/et_pb_section]<\/p>","protected":false},"excerpt":{"rendered":"<p>Management PolicyOur Purpose and MissionTogether with our customers and local communities,we strive to create a world filled with light.Our Vision for the FutureBy continuously advancing optical technologies and precision mechanical engineering, we aim to become a value-driven company full of dreams and vitality.Our Core Values and Principles\u30fbMutual trust\u30fbMutual cooperation\u30fbMutual prosperityTogether with our customers, employees, and [&hellip;]<\/p>","protected":false},"author":1,"featured_media":0,"parent":0,"menu_order":0,"comment_status":"closed","ping_status":"closed","template":"","meta":{"_et_pb_use_builder":"on","_et_pb_old_content":"","_et_gb_content_width":"","footnotes":""},"class_list":["post-6673","page","type-page","status-publish","hentry"],"acf":[],"yoast_head":"<!-- This site is optimized with the Yoast SEO plugin v21.8.1 - https:\/\/yoast.com\/wordpress\/plugins\/seo\/ -->\n<title>Management Policy of TOYOTEC Co., Ltd<\/title>\n<meta name=\"description\" content=\"TOYOTEC create a brighter tomorrow with our optical technology, and precision machinery in cooperation with our customers and the local community.\" \/>\n<meta name=\"robots\" content=\"index, follow, max-snippet:-1, max-image-preview:large, max-video-preview:-1\" \/>\n<link rel=\"canonical\" href=\"https:\/\/www.toyotec.com\/de\/management-policy\/\" \/>\n<meta property=\"og:locale\" content=\"de_DE\" \/>\n<meta property=\"og:type\" content=\"article\" \/>\n<meta property=\"og:title\" content=\"Management Policy of TOYOTEC Co., Ltd\" \/>\n<meta property=\"og:description\" content=\"TOYOTEC create a brighter tomorrow with our optical technology, and precision machinery in cooperation with our customers and the local community.\" \/>\n<meta property=\"og:url\" content=\"https:\/\/www.toyotec.com\/de\/management-policy\/\" \/>\n<meta property=\"og:site_name\" content=\"TOYOTEC Co., Ltd.\" \/>\n<meta property=\"article:publisher\" content=\"https:\/\/www.facebook.com\/ToyotecCoLtd\" \/>\n<meta property=\"article:modified_time\" content=\"2026-04-29T07:05:15+00:00\" \/>\n<meta name=\"twitter:card\" content=\"summary_large_image\" \/>\n<meta name=\"twitter:label1\" content=\"Gesch\u00e4tzte Lesezeit\" \/>\n\t<meta name=\"twitter:data1\" content=\"1\u00a0Minute\" \/>\n<script type=\"application\/ld+json\" class=\"yoast-schema-graph\">{\"@context\":\"https:\/\/schema.org\",\"@graph\":[{\"@type\":\"WebPage\",\"@id\":\"https:\/\/www.toyotec.com\/management-policy\/\",\"url\":\"https:\/\/www.toyotec.com\/management-policy\/\",\"name\":\"Management Policy of TOYOTEC Co., Ltd\",\"isPartOf\":{\"@id\":\"https:\/\/www.toyotec.com\/#website\"},\"datePublished\":\"2026-02-10T11:48:12+00:00\",\"dateModified\":\"2026-04-29T07:05:15+00:00\",\"description\":\"TOYOTEC create a brighter tomorrow with our optical technology, and precision machinery in cooperation with our customers and the local community.\",\"breadcrumb\":{\"@id\":\"https:\/\/www.toyotec.com\/management-policy\/#breadcrumb\"},\"inLanguage\":\"de\",\"potentialAction\":[{\"@type\":\"ReadAction\",\"target\":[\"https:\/\/www.toyotec.com\/management-policy\/\"]}]},{\"@type\":\"BreadcrumbList\",\"@id\":\"https:\/\/www.toyotec.com\/management-policy\/#breadcrumb\",\"itemListElement\":[{\"@type\":\"ListItem\",\"position\":1,\"name\":\"Home\",\"item\":\"https:\/\/www.toyotec.com\/\"},{\"@type\":\"ListItem\",\"position\":2,\"name\":\"Management Policy\"}]},{\"@type\":\"WebSite\",\"@id\":\"https:\/\/www.toyotec.com\/#website\",\"url\":\"https:\/\/www.toyotec.com\/\",\"name\":\"TOYOTEC Co., Ltd.\",\"description\":\"Official Corporate Website\",\"publisher\":{\"@id\":\"https:\/\/www.toyotec.com\/#organization\"},\"potentialAction\":[{\"@type\":\"SearchAction\",\"target\":{\"@type\":\"EntryPoint\",\"urlTemplate\":\"https:\/\/www.toyotec.com\/?s={search_term_string}\"},\"query-input\":\"required name=search_term_string\"}],\"inLanguage\":\"de\"},{\"@type\":\"Organization\",\"@id\":\"https:\/\/www.toyotec.com\/#organization\",\"name\":\"Toyotec\",\"url\":\"https:\/\/www.toyotec.com\/\",\"logo\":{\"@type\":\"ImageObject\",\"inLanguage\":\"de\",\"@id\":\"https:\/\/www.toyotec.com\/#\/schema\/logo\/image\/\",\"url\":\"https:\/\/www.toyotec.com\/wp-content\/uploads\/2021\/02\/main-logo.png\",\"contentUrl\":\"https:\/\/www.toyotec.com\/wp-content\/uploads\/2021\/02\/main-logo.png\",\"width\":453,\"height\":62,\"caption\":\"Toyotec\"},\"image\":{\"@id\":\"https:\/\/www.toyotec.com\/#\/schema\/logo\/image\/\"},\"sameAs\":[\"https:\/\/www.facebook.com\/ToyotecCoLtd\",\"https:\/\/www.linkedin.com\/company\/toyotec\/\",\"https:\/\/www.youtube.com\/channel\/UCVKCAe0HpVrHo-XwY0oV2mg\"]}]}<\/script>\n<!-- \/ Yoast SEO plugin. -->","yoast_head_json":{"title":"Management Policy of TOYOTEC Co., Ltd","description":"TOYOTEC create a brighter tomorrow with our optical technology, and precision machinery in cooperation with our customers and the local community.","robots":{"index":"index","follow":"follow","max-snippet":"max-snippet:-1","max-image-preview":"max-image-preview:large","max-video-preview":"max-video-preview:-1"},"canonical":"https:\/\/www.toyotec.com\/de\/management-policy\/","og_locale":"de_DE","og_type":"article","og_title":"Management Policy of TOYOTEC Co., Ltd","og_description":"TOYOTEC create a brighter tomorrow with our optical technology, and precision machinery in cooperation with our customers and the local community.","og_url":"https:\/\/www.toyotec.com\/de\/management-policy\/","og_site_name":"TOYOTEC Co., Ltd.","article_publisher":"https:\/\/www.facebook.com\/ToyotecCoLtd","article_modified_time":"2026-04-29T07:05:15+00:00","twitter_card":"summary_large_image","twitter_misc":{"Gesch\u00e4tzte Lesezeit":"1\u00a0Minute"},"schema":{"@context":"https:\/\/schema.org","@graph":[{"@type":"WebPage","@id":"https:\/\/www.toyotec.com\/management-policy\/","url":"https:\/\/www.toyotec.com\/management-policy\/","name":"Management Policy of TOYOTEC Co., Ltd","isPartOf":{"@id":"https:\/\/www.toyotec.com\/#website"},"datePublished":"2026-02-10T11:48:12+00:00","dateModified":"2026-04-29T07:05:15+00:00","description":"TOYOTEC create a brighter tomorrow with our optical technology, and precision machinery in cooperation with our customers and the local community.","breadcrumb":{"@id":"https:\/\/www.toyotec.com\/management-policy\/#breadcrumb"},"inLanguage":"de","potentialAction":[{"@type":"ReadAction","target":["https:\/\/www.toyotec.com\/management-policy\/"]}]},{"@type":"BreadcrumbList","@id":"https:\/\/www.toyotec.com\/management-policy\/#breadcrumb","itemListElement":[{"@type":"ListItem","position":1,"name":"Home","item":"https:\/\/www.toyotec.com\/"},{"@type":"ListItem","position":2,"name":"Management Policy"}]},{"@type":"WebSite","@id":"https:\/\/www.toyotec.com\/#website","url":"https:\/\/www.toyotec.com\/","name":"TOYOTEC Co., Ltd.","description":"Official Corporate Website","publisher":{"@id":"https:\/\/www.toyotec.com\/#organization"},"potentialAction":[{"@type":"SearchAction","target":{"@type":"EntryPoint","urlTemplate":"https:\/\/www.toyotec.com\/?s={search_term_string}"},"query-input":"required name=search_term_string"}],"inLanguage":"de"},{"@type":"Organization","@id":"https:\/\/www.toyotec.com\/#organization","name":"Toyotec","url":"https:\/\/www.toyotec.com\/","logo":{"@type":"ImageObject","inLanguage":"de","@id":"https:\/\/www.toyotec.com\/#\/schema\/logo\/image\/","url":"https:\/\/www.toyotec.com\/wp-content\/uploads\/2021\/02\/main-logo.png","contentUrl":"https:\/\/www.toyotec.com\/wp-content\/uploads\/2021\/02\/main-logo.png","width":453,"height":62,"caption":"Toyotec"},"image":{"@id":"https:\/\/www.toyotec.com\/#\/schema\/logo\/image\/"},"sameAs":["https:\/\/www.facebook.com\/ToyotecCoLtd","https:\/\/www.linkedin.com\/company\/toyotec\/","https:\/\/www.youtube.com\/channel\/UCVKCAe0HpVrHo-XwY0oV2mg"]}]}},"_links":{"self":[{"href":"https:\/\/www.toyotec.com\/de\/wp-json\/wp\/v2\/pages\/6673"}],"collection":[{"href":"https:\/\/www.toyotec.com\/de\/wp-json\/wp\/v2\/pages"}],"about":[{"href":"https:\/\/www.toyotec.com\/de\/wp-json\/wp\/v2\/types\/page"}],"author":[{"embeddable":true,"href":"https:\/\/www.toyotec.com\/de\/wp-json\/wp\/v2\/users\/1"}],"replies":[{"embeddable":true,"href":"https:\/\/www.toyotec.com\/de\/wp-json\/wp\/v2\/comments?post=6673"}],"version-history":[{"count":55,"href":"https:\/\/www.toyotec.com\/de\/wp-json\/wp\/v2\/pages\/6673\/revisions"}],"predecessor-version":[{"id":7135,"href":"https:\/\/www.toyotec.com\/de\/wp-json\/wp\/v2\/pages\/6673\/revisions\/7135"}],"wp:attachment":[{"href":"https:\/\/www.toyotec.com\/de\/wp-json\/wp\/v2\/media?parent=6673"}],"curies":[{"name":"wp","href":"https:\/\/api.w.org\/{rel}","templated":true}]}}