{"id":66,"date":"2021-02-01T05:52:28","date_gmt":"2021-02-01T05:52:28","guid":{"rendered":"http:\/\/toyotec.corporate.dci.in\/?page_id=66"},"modified":"2026-03-24T16:49:20","modified_gmt":"2026-03-24T07:49:20","slug":"facilities-equipments","status":"publish","type":"page","link":"https:\/\/www.toyotec.com\/de\/company\/facilities-equipments\/","title":{"rendered":"Einrichtungen und Ausr\u00fcstungen"},"content":{"rendered":"<p>[et_pb_section fb_built=&#8221;1&#8243; _builder_version=&#8221;4.16&#8243; _module_preset=&#8221;default&#8221; global_colors_info=&#8221;{}&#8221;][et_pb_row column_structure=&#8221;1_2,1_2&#8243; _builder_version=&#8221;4.16&#8243; _module_preset=&#8221;default&#8221; global_colors_info=&#8221;{}&#8221;][et_pb_column type=&#8221;1_2&#8243; _builder_version=&#8221;4.16&#8243; _module_preset=&#8221;default&#8221; global_colors_info=&#8221;{}&#8221;][et_pb_button button_url=&#8221;@ET-DC@eyJkeW5hbWljIjp0cnVlLCJjb250ZW50IjoicG9zdF9saW5rX3VybF9wYWdlIiwic2V0dGluZ3MiOnsicG9zdF9pZCI6IjY2In19@&#8221; button_text=&#8221;Japan Factory&#8221; button_alignment=&#8221;center&#8221; _builder_version=&#8221;4.16&#8243; _dynamic_attributes=&#8221;button_url&#8221; _module_preset=&#8221;default&#8221; custom_button=&#8221;on&#8221; button_text_size=&#8221;20px&#8221; button_text_color=&#8221;#ffffff&#8221; button_bg_color=&#8221;#000000&#8243; button_border_width=&#8221;0px&#8221; button_border_radius=&#8221;0px&#8221; button_use_icon=&#8221;off&#8221; custom_padding=&#8221;1em|4em|1em|4em|true|true&#8221; custom_css_main_element=&#8221;width: 100%;&#8221; box_shadow_style=&#8221;preset1&#8243; box_shadow_vertical=&#8221;3px&#8221; box_shadow_blur=&#8221;6px&#8221; box_shadow_color=&#8221;rgba(0,0,0,0.16)&#8221; global_colors_info=&#8221;{}&#8221;][\/et_pb_button][\/et_pb_column][et_pb_column type=&#8221;1_2&#8243; _builder_version=&#8221;4.16&#8243; _module_preset=&#8221;default&#8221; global_colors_info=&#8221;{}&#8221;][et_pb_button button_url=&#8221;@ET-DC@eyJkeW5hbWljIjp0cnVlLCJjb250ZW50IjoicG9zdF9saW5rX3VybF9wYWdlIiwic2V0dGluZ3MiOnsicG9zdF9pZCI6IjQ1MSJ9fQ==@&#8221; button_text=&#8221;Overseas Factories&#8221; button_alignment=&#8221;center&#8221; _builder_version=&#8221;4.16&#8243; _dynamic_attributes=&#8221;button_url&#8221; _module_preset=&#8221;default&#8221; custom_button=&#8221;on&#8221; button_text_size=&#8221;20px&#8221; button_text_color=&#8221;#000000&#8243; button_bg_color=&#8221;#ffffff&#8221; button_border_width=&#8221;0px&#8221; button_border_radius=&#8221;0px&#8221; button_use_icon=&#8221;off&#8221; custom_padding=&#8221;1em|4em|1em|4em|true|true&#8221; custom_css_main_element=&#8221;width: 100%;&#8221; box_shadow_style=&#8221;preset1&#8243; box_shadow_vertical=&#8221;3px&#8221; box_shadow_blur=&#8221;8px&#8221; box_shadow_color=&#8221;rgba(0,0,0,0.16)&#8221; global_colors_info=&#8221;{}&#8221;][\/et_pb_button][\/et_pb_column][\/et_pb_row][et_pb_row _builder_version=&#8221;4.16&#8243; _module_preset=&#8221;default&#8221; global_colors_info=&#8221;{}&#8221;][et_pb_column type=&#8221;4_4&#8243; _builder_version=&#8221;4.16&#8243; _module_preset=&#8221;default&#8221; global_colors_info=&#8221;{}&#8221;][et_pb_text _builder_version=&#8221;4.16&#8243; _module_preset=&#8221;default&#8221; text_text_color=&#8221;#000000&#8243; text_font_size=&#8221;18px&#8221; text_orientation=&#8221;center&#8221; global_colors_info=&#8221;{}&#8221;]<\/p>\n<p style=\"text-align: center;\">Fabrik in Japan<\/p>\n<p>Von der Herstellung von Hochpr\u00e4zisionswerkzeugen f\u00fcr die Linsenbearbeitung bis hin zur optischen Beschichtung und Fertigung von Einheiten verf\u00fcgen wir \u00fcber ein integriertes Produktionssystem in Japan.<\/p>\n<p>[\/et_pb_text][et_pb_tabs module_class=&#8221;equipments_group_tab techcenter_table&#8221; _builder_version=&#8221;4.27.2&#8243; _module_preset=&#8221;default&#8221; locked=&#8221;off&#8221; global_colors_info=&#8221;{}&#8221;][et_pb_tab title=&#8221;1) TOYOTEC Manufacturing Department&#8221; _builder_version=&#8221;4.16&#8243; _module_preset=&#8221;default&#8221; global_colors_info=&#8221;{}&#8221;]<\/p>\n<h3>TOYOTEC-Fertigungsabteilung<\/h3>\n<div class=\"equipments_table\">\n<table>\n<thead>\n<tr>\n<th>Ausr\u00fcstung<\/th>\n<th>Herstellerfirma<\/th>\n<th>Maschinentyp<\/th>\n<th>Menge<\/th>\n<\/tr>\n<\/thead>\n<tbody>\n<tr>\n<td>Ultraschall-Schmelzmaschine<\/td>\n<td><span>ULTRASONIC ENGINEERING CO., LTD.<\/span><\/td>\n<td><span>UPW1221G3X<\/span><\/td>\n<td>1<\/td>\n<\/tr>\n<tr>\n<td>Kompaktes K\u00e4lteschockger\u00e4t<\/td>\n<td>Insb<\/td>\n<td><span>TSE-12-A<\/span><\/td>\n<td>1<\/td>\n<\/tr>\n<tr>\n<td>Kompakter Umwelttester<\/td>\n<td>Insb<\/td>\n<td><span>SH-241<\/span><\/td>\n<td>2<\/td>\n<\/tr>\n<tr>\n<td>Bildmessmaschine<\/td>\n<td>KEYENCE<\/td>\n<td><span>IM-7000<\/span><\/td>\n<td>1<\/td>\n<\/tr>\n<tr>\n<td>Interferometer<\/td>\n<td>FUJINON<\/td>\n<td><span>F601<\/span><\/td>\n<td>1<\/td>\n<\/tr>\n<tr>\n<td>Automatisches MTF-Messsystem<\/td>\n<td>TRIOPTIK<\/td>\n<td><span>ImageMaster HR<\/span><\/td>\n<td>1<\/td>\n<\/tr>\n<\/tbody>\n<\/table>\n<\/div>\n<p>[\/et_pb_tab][et_pb_tab title=&#8221;2) Juko Technical Center&#8221; _builder_version=&#8221;4.16&#8243; _module_preset=&#8221;default&#8221; global_colors_info=&#8221;{}&#8221;]<\/p>\n<h3>Juco Technologiezentrum<\/h3>\n<div class=\"equipments_table\">\n<table>\n<thead>\n<tr>\n<th>Ausr\u00fcstung<\/th>\n<th>Herstellerfirma<\/th>\n<th>Maschinentyp<\/th>\n<th>Menge<\/th>\n<\/tr>\n<\/thead>\n<tbody>\n<tr>\n<td>Spritzgu\u00dfmaschine<\/td>\n<td>&#8211;<\/td>\n<td>50T Class<\/td>\n<td>14<\/td>\n<\/tr>\n<tr>\n<td>Spritzgu\u00dfmaschine<\/td>\n<td>&#8211;<\/td>\n<td>100~150T Class<\/td>\n<td>7<\/td>\n<\/tr>\n<tr>\n<td>Vakuum-Dampfabscheidungsmaschine<\/td>\n<td>&#8211;<\/td>\n<td>&#8211;<\/td>\n<td>4<\/td>\n<\/tr>\n<tr>\n<td>Sputter-Ausr\u00fcstung<\/td>\n<td>&#8211;<\/td>\n<td>&#8211;<\/td>\n<td>1<\/td>\n<\/tr>\n<tr>\n<td>Ultrapr\u00e4zisions-Bearbeitungsmaschine<\/td>\n<td>&#8211;<\/td>\n<td>&#8211;<\/td>\n<td>\u2714<\/td>\n<\/tr>\n<tr>\n<td>Bearbeitungszentrum<\/td>\n<td>&#8211;<\/td>\n<td>&#8211;<\/td>\n<td>\u2714<\/td>\n<\/tr>\n<tr>\n<td>NC-Fr\u00e4sen<\/td>\n<td>&#8211;<\/td>\n<td>&#8211;<\/td>\n<td>\u2714<\/td>\n<\/tr>\n<tr>\n<td>Elektrische Entladungsmaschine<\/td>\n<td>&#8211;<\/td>\n<td>&#8211;<\/td>\n<td>\u2714<\/td>\n<\/tr>\n<tr>\n<td>Oberfl\u00e4chenform-\/Rauheitsmessmaschine<\/td>\n<td>Taylor Hobson<\/td>\n<td>PGI 1240<\/td>\n<td>1<\/td>\n<\/tr>\n<tr>\n<td><span>Bildma\u00dfmessmaschine<\/span><\/td>\n<td>KEYENCE<\/td>\n<td>IM-6225<\/td>\n<td>1<\/td>\n<\/tr>\n<tr>\n<td><span>Ber\u00fchrungslose 3D-Messmaschine<\/span><\/td>\n<td>OGP<\/td>\n<td>ZIP300<\/td>\n<td>1<\/td>\n<\/tr>\n<tr>\n<td>Ber\u00fchrungsloses Messger\u00e4t f\u00fcr Oberfl\u00e4cheneigenschaften<\/td>\n<td><span>Mitaka Kohki<\/span><\/td>\n<td>PF-60<\/td>\n<td>1<\/td>\n<\/tr>\n<tr>\n<td>Laserinterferometer<\/td>\n<td>ZYGO<\/td>\n<td>GPI XP<\/td>\n<td>1<\/td>\n<\/tr>\n<tr>\n<td>Ber\u00fchrungslose 3D-Formmessmaschine<\/td>\n<td>ZYGO<\/td>\n<td>New View 7300<\/td>\n<td>1<\/td>\n<\/tr>\n<tr>\n<td>Ultrahochpr\u00e4zises 3D Koordinatenmessger\u00e4t<\/td>\n<td>PANASONIC<\/td>\n<td>UA3P<\/td>\n<td>1<\/td>\n<\/tr>\n<tr>\n<td><span>OptiCentric-Spheric MOT + Asphero-Pr\u00fcfung<\/span><\/td>\n<td>TRIOPTIK<\/td>\n<td><span>OptiCentric-Spheric MOT + Asphero-Pr\u00fcfung<\/span><\/td>\n<td>1<\/td>\n<\/tr>\n<tr>\n<td>3D-Messmaschine<\/td>\n<td>Mitutoyo<\/td>\n<td>BH706<\/td>\n<td>1<\/td>\n<\/tr>\n<tr>\n<td>Spektrophotometer<\/td>\n<td>Hitachi<\/td>\n<td>U4100<\/td>\n<td>1<\/td>\n<\/tr>\n<\/tbody>\n<\/table>\n<\/div>\n<p>[\/et_pb_tab][et_pb_tab title=&#8221;3) TOYOTEC Oita&#8221; _builder_version=&#8221;4.16&#8243; _module_preset=&#8221;default&#8221; global_colors_info=&#8221;{}&#8221;]<\/p>\n<h3>TOYOTEC Oita<\/h3>\n<div class=\"equipments_table\">\n<table>\n<thead>\n<tr>\n<th>Ausr\u00fcstung<\/th>\n<th>Herstellerfirma<\/th>\n<th>Maschinentyp<\/th>\n<th>Menge<\/th>\n<\/tr>\n<\/thead>\n<tbody>\n<tr>\n<td>Spritzgu\u00dfmaschine<\/td>\n<td>&#8211;<\/td>\n<td>75~120T<\/td>\n<td>9<\/td>\n<\/tr>\n<tr>\n<td>Spritzgu\u00dfmaschine<\/td>\n<td>&#8211;<\/td>\n<td>360T<\/td>\n<td>3<\/td>\n<\/tr>\n<tr>\n<td>Ber\u00fchrungslose 3D-Messmaschine<\/td>\n<td>Nikon<\/td>\n<td>VMA-2520<\/td>\n<td>1<\/td>\n<\/tr>\n<\/tbody>\n<\/table>\n<\/div>\n<p>[\/et_pb_tab][et_pb_tab title=&#8221;4) TOYOTEC Ichinomiya Factory&#8221; _builder_version=&#8221;4.27.2&#8243; _module_preset=&#8221;default&#8221; global_colors_info=&#8221;{}&#8221;]<\/p>\n<h3>TOYOTEC Ichinomiya Factory<\/h3>\n<div class=\"equipments_table\">\n<table>\n<thead>\n<tr>\n<th>Ausr\u00fcstung<\/th>\n<th>Herstellerfirma<\/th>\n<th>Maschinentyp<\/th>\n<th>Menge<\/th>\n<\/tr>\n<\/thead>\n<tbody>\n<tr>\n<td>Spritzgu\u00dfmaschine<\/td>\n<td>&#8211;<\/td>\n<td>40~75T<\/td>\n<td>3<\/td>\n<\/tr>\n<tr>\n<td>Spritzgu\u00dfmaschine<\/td>\n<td>&#8211;<\/td>\n<td>100~180T<\/td>\n<td>12<\/td>\n<\/tr>\n<tr>\n<td>Spritzgu\u00dfmaschine<\/td>\n<td>&#8211;<\/td>\n<td>220T<\/td>\n<td>1<\/td>\n<\/tr>\n<\/tbody>\n<\/table>\n<\/div>\n<p>[\/et_pb_tab][\/et_pb_tabs][et_pb_button button_text=&#8221;Back To Top&#8221; button_alignment=&#8221;center&#8221; module_id=&#8221;clicktotop&#8221; _builder_version=&#8221;4.16&#8243; _module_preset=&#8221;default&#8221; custom_button=&#8221;on&#8221; button_text_color=&#8221;#000000&#8243; button_bg_color=&#8221;#FFFF00&#8243; button_border_width=&#8221;0px&#8221; button_border_radius=&#8221;0px&#8221; button_font=&#8221;|300|||||||&#8221; button_use_icon=&#8221;off&#8221; custom_margin=&#8221;4em||||false|false&#8221; custom_padding=&#8221;0.7em|4em|0.7em|4em|true|true&#8221; locked=&#8221;off&#8221; global_colors_info=&#8221;{}&#8221;][\/et_pb_button][\/et_pb_column][\/et_pb_row][\/et_pb_section]<\/p>","protected":false},"excerpt":{"rendered":"<p>Factory in Japan From high Precision Tooling fabrication for lens processing to optical coating and unit manufacturing, we have an integrated production system in Japan.TOYOTEC Manufacturing Department Equipment Manufacture company Machine type Qty Ultrasonic melting machine ULTRASONIC ENGINEERING CO.,LTD. UPW1221G3X 1 Compact cold shock device Espec TSE-12-A 1 Compact environmental tester Espec SH-241 2 Image [&hellip;]<\/p>","protected":false},"author":1,"featured_media":0,"parent":6698,"menu_order":0,"comment_status":"closed","ping_status":"closed","template":"page-with-breadcrumbs.php","meta":{"_et_pb_use_builder":"on","_et_pb_old_content":"","_et_gb_content_width":"","footnotes":""},"class_list":["post-66","page","type-page","status-publish","hentry"],"acf":[],"yoast_head":"<!-- This site is optimized with the Yoast SEO plugin v21.8.1 - https:\/\/yoast.com\/wordpress\/plugins\/seo\/ -->\n<title>TOYOTEC main equipments of TOYOTEC Co., Ltd<\/title>\n<meta name=\"description\" content=\"From high precision tooling fabrication for lens processing to optical coating and unit manufacturing, we have an integrated production system in Japan.\u3000For Overseas Factory production, we can respond flexibly to customer needs and production volumes from large-scale production using automated machines to small-lot production of a wide variety of products by hand.\" \/>\n<meta name=\"robots\" content=\"index, follow, max-snippet:-1, max-image-preview:large, max-video-preview:-1\" \/>\n<link rel=\"canonical\" href=\"https:\/\/www.toyotec.com\/de\/company\/facilities-equipments\/\" \/>\n<meta property=\"og:locale\" content=\"de_DE\" \/>\n<meta property=\"og:type\" content=\"article\" \/>\n<meta property=\"og:title\" content=\"TOYOTEC main equipments of TOYOTEC Co., Ltd\" \/>\n<meta property=\"og:description\" content=\"From high precision tooling fabrication for lens processing to optical coating and unit manufacturing, we have an integrated production system in Japan.\u3000For Overseas Factory production, we can respond flexibly to customer needs and production volumes from large-scale production using automated machines to small-lot production of a wide variety of products by hand.\" \/>\n<meta property=\"og:url\" content=\"https:\/\/www.toyotec.com\/de\/company\/facilities-equipments\/\" \/>\n<meta property=\"og:site_name\" content=\"TOYOTEC Co., Ltd.\" \/>\n<meta property=\"article:publisher\" content=\"https:\/\/www.facebook.com\/ToyotecCoLtd\" \/>\n<meta property=\"article:modified_time\" content=\"2026-03-24T07:49:20+00:00\" \/>\n<meta name=\"twitter:card\" content=\"summary_large_image\" \/>\n<meta name=\"twitter:label1\" content=\"Gesch\u00e4tzte Lesezeit\" \/>\n\t<meta name=\"twitter:data1\" content=\"2\u00a0Minuten\" \/>\n<script type=\"application\/ld+json\" class=\"yoast-schema-graph\">{\"@context\":\"https:\/\/schema.org\",\"@graph\":[{\"@type\":\"WebPage\",\"@id\":\"https:\/\/www.toyotec.com\/company\/facilities-equipments\/\",\"url\":\"https:\/\/www.toyotec.com\/company\/facilities-equipments\/\",\"name\":\"TOYOTEC main equipments of TOYOTEC Co., Ltd\",\"isPartOf\":{\"@id\":\"https:\/\/www.toyotec.com\/#website\"},\"datePublished\":\"2021-02-01T05:52:28+00:00\",\"dateModified\":\"2026-03-24T07:49:20+00:00\",\"description\":\"From high precision tooling fabrication for lens processing to optical coating and unit manufacturing, we have an integrated production system in Japan.\u3000For Overseas Factory production, we can respond flexibly to customer needs and production volumes from large-scale production using automated machines to small-lot production of a wide variety of products by hand.\",\"breadcrumb\":{\"@id\":\"https:\/\/www.toyotec.com\/company\/facilities-equipments\/#breadcrumb\"},\"inLanguage\":\"de\",\"potentialAction\":[{\"@type\":\"ReadAction\",\"target\":[\"https:\/\/www.toyotec.com\/company\/facilities-equipments\/\"]}]},{\"@type\":\"BreadcrumbList\",\"@id\":\"https:\/\/www.toyotec.com\/company\/facilities-equipments\/#breadcrumb\",\"itemListElement\":[{\"@type\":\"ListItem\",\"position\":1,\"name\":\"Home\",\"item\":\"https:\/\/www.toyotec.com\/\"},{\"@type\":\"ListItem\",\"position\":2,\"name\":\"Company\",\"item\":\"https:\/\/www.toyotec.com\/company\/\"},{\"@type\":\"ListItem\",\"position\":3,\"name\":\"Facilities &#038; Equipments\"}]},{\"@type\":\"WebSite\",\"@id\":\"https:\/\/www.toyotec.com\/#website\",\"url\":\"https:\/\/www.toyotec.com\/\",\"name\":\"TOYOTEC Co., Ltd.\",\"description\":\"Official Corporate Website\",\"publisher\":{\"@id\":\"https:\/\/www.toyotec.com\/#organization\"},\"potentialAction\":[{\"@type\":\"SearchAction\",\"target\":{\"@type\":\"EntryPoint\",\"urlTemplate\":\"https:\/\/www.toyotec.com\/?s={search_term_string}\"},\"query-input\":\"required name=search_term_string\"}],\"inLanguage\":\"de\"},{\"@type\":\"Organization\",\"@id\":\"https:\/\/www.toyotec.com\/#organization\",\"name\":\"Toyotec\",\"url\":\"https:\/\/www.toyotec.com\/\",\"logo\":{\"@type\":\"ImageObject\",\"inLanguage\":\"de\",\"@id\":\"https:\/\/www.toyotec.com\/#\/schema\/logo\/image\/\",\"url\":\"https:\/\/www.toyotec.com\/wp-content\/uploads\/2021\/02\/main-logo.png\",\"contentUrl\":\"https:\/\/www.toyotec.com\/wp-content\/uploads\/2021\/02\/main-logo.png\",\"width\":453,\"height\":62,\"caption\":\"Toyotec\"},\"image\":{\"@id\":\"https:\/\/www.toyotec.com\/#\/schema\/logo\/image\/\"},\"sameAs\":[\"https:\/\/www.facebook.com\/ToyotecCoLtd\",\"https:\/\/www.linkedin.com\/company\/toyotec\/\",\"https:\/\/www.youtube.com\/channel\/UCVKCAe0HpVrHo-XwY0oV2mg\"]}]}<\/script>\n<!-- \/ Yoast SEO plugin. -->","yoast_head_json":{"title":"TOYOTEC main equipments of TOYOTEC Co., Ltd","description":"From high precision tooling fabrication for lens processing to optical coating and unit manufacturing, we have an integrated production system in Japan.\u3000For Overseas Factory production, we can respond flexibly to customer needs and production volumes from large-scale production using automated machines to small-lot production of a wide variety of products by hand.","robots":{"index":"index","follow":"follow","max-snippet":"max-snippet:-1","max-image-preview":"max-image-preview:large","max-video-preview":"max-video-preview:-1"},"canonical":"https:\/\/www.toyotec.com\/de\/company\/facilities-equipments\/","og_locale":"de_DE","og_type":"article","og_title":"TOYOTEC main equipments of TOYOTEC Co., Ltd","og_description":"From high precision tooling fabrication for lens processing to optical coating and unit manufacturing, we have an integrated production system in Japan.\u3000For Overseas Factory production, we can respond flexibly to customer needs and production volumes from large-scale production using automated machines to small-lot production of a wide variety of products by hand.","og_url":"https:\/\/www.toyotec.com\/de\/company\/facilities-equipments\/","og_site_name":"TOYOTEC Co., Ltd.","article_publisher":"https:\/\/www.facebook.com\/ToyotecCoLtd","article_modified_time":"2026-03-24T07:49:20+00:00","twitter_card":"summary_large_image","twitter_misc":{"Gesch\u00e4tzte Lesezeit":"2\u00a0Minuten"},"schema":{"@context":"https:\/\/schema.org","@graph":[{"@type":"WebPage","@id":"https:\/\/www.toyotec.com\/company\/facilities-equipments\/","url":"https:\/\/www.toyotec.com\/company\/facilities-equipments\/","name":"TOYOTEC main equipments of TOYOTEC Co., Ltd","isPartOf":{"@id":"https:\/\/www.toyotec.com\/#website"},"datePublished":"2021-02-01T05:52:28+00:00","dateModified":"2026-03-24T07:49:20+00:00","description":"From high precision tooling fabrication for lens processing to optical coating and unit manufacturing, we have an integrated production system in Japan.\u3000For Overseas Factory production, we can respond flexibly to customer needs and production volumes from large-scale production using automated machines to small-lot production of a wide variety of products by hand.","breadcrumb":{"@id":"https:\/\/www.toyotec.com\/company\/facilities-equipments\/#breadcrumb"},"inLanguage":"de","potentialAction":[{"@type":"ReadAction","target":["https:\/\/www.toyotec.com\/company\/facilities-equipments\/"]}]},{"@type":"BreadcrumbList","@id":"https:\/\/www.toyotec.com\/company\/facilities-equipments\/#breadcrumb","itemListElement":[{"@type":"ListItem","position":1,"name":"Home","item":"https:\/\/www.toyotec.com\/"},{"@type":"ListItem","position":2,"name":"Company","item":"https:\/\/www.toyotec.com\/company\/"},{"@type":"ListItem","position":3,"name":"Facilities &#038; Equipments"}]},{"@type":"WebSite","@id":"https:\/\/www.toyotec.com\/#website","url":"https:\/\/www.toyotec.com\/","name":"TOYOTEC Co., Ltd.","description":"Official Corporate Website","publisher":{"@id":"https:\/\/www.toyotec.com\/#organization"},"potentialAction":[{"@type":"SearchAction","target":{"@type":"EntryPoint","urlTemplate":"https:\/\/www.toyotec.com\/?s={search_term_string}"},"query-input":"required name=search_term_string"}],"inLanguage":"de"},{"@type":"Organization","@id":"https:\/\/www.toyotec.com\/#organization","name":"Toyotec","url":"https:\/\/www.toyotec.com\/","logo":{"@type":"ImageObject","inLanguage":"de","@id":"https:\/\/www.toyotec.com\/#\/schema\/logo\/image\/","url":"https:\/\/www.toyotec.com\/wp-content\/uploads\/2021\/02\/main-logo.png","contentUrl":"https:\/\/www.toyotec.com\/wp-content\/uploads\/2021\/02\/main-logo.png","width":453,"height":62,"caption":"Toyotec"},"image":{"@id":"https:\/\/www.toyotec.com\/#\/schema\/logo\/image\/"},"sameAs":["https:\/\/www.facebook.com\/ToyotecCoLtd","https:\/\/www.linkedin.com\/company\/toyotec\/","https:\/\/www.youtube.com\/channel\/UCVKCAe0HpVrHo-XwY0oV2mg"]}]}},"_links":{"self":[{"href":"https:\/\/www.toyotec.com\/de\/wp-json\/wp\/v2\/pages\/66"}],"collection":[{"href":"https:\/\/www.toyotec.com\/de\/wp-json\/wp\/v2\/pages"}],"about":[{"href":"https:\/\/www.toyotec.com\/de\/wp-json\/wp\/v2\/types\/page"}],"author":[{"embeddable":true,"href":"https:\/\/www.toyotec.com\/de\/wp-json\/wp\/v2\/users\/1"}],"replies":[{"embeddable":true,"href":"https:\/\/www.toyotec.com\/de\/wp-json\/wp\/v2\/comments?post=66"}],"version-history":[{"count":49,"href":"https:\/\/www.toyotec.com\/de\/wp-json\/wp\/v2\/pages\/66\/revisions"}],"predecessor-version":[{"id":7098,"href":"https:\/\/www.toyotec.com\/de\/wp-json\/wp\/v2\/pages\/66\/revisions\/7098"}],"up":[{"embeddable":true,"href":"https:\/\/www.toyotec.com\/de\/wp-json\/wp\/v2\/pages\/6698"}],"wp:attachment":[{"href":"https:\/\/www.toyotec.com\/de\/wp-json\/wp\/v2\/media?parent=66"}],"curies":[{"name":"wp","href":"https:\/\/api.w.org\/{rel}","templated":true}]}}