{"id":57,"date":"2021-02-01T05:50:49","date_gmt":"2021-02-01T05:50:49","guid":{"rendered":"http:\/\/toyotec.corporate.dci.in\/?page_id=57"},"modified":"2026-03-24T16:13:25","modified_gmt":"2026-03-24T07:13:25","slug":"about-us","status":"publish","type":"page","link":"https:\/\/www.toyotec.com\/de\/company\/about-us\/","title":{"rendered":"\u00dcber uns"},"content":{"rendered":"<p>[et_pb_section fb_built=&#8221;1&#8243; _builder_version=&#8221;4.16&#8243; _module_preset=&#8221;default&#8221; global_colors_info=&#8221;{}&#8221;][et_pb_row _builder_version=&#8221;4.16&#8243; _module_preset=&#8221;default&#8221; global_colors_info=&#8221;{}&#8221;][et_pb_column type=&#8221;4_4&#8243; _builder_version=&#8221;4.16&#8243; _module_preset=&#8221;default&#8221; global_colors_info=&#8221;{}&#8221;][et_pb_text module_class=&#8221;company_left_img&#8221; _builder_version=&#8221;4.27.4&#8243; _module_preset=&#8221;default&#8221; text_font=&#8221;||||||||&#8221; header_font=&#8221;Noto Sans||||||||&#8221; header_line_height=&#8221;1.8em&#8221; header_4_font=&#8221;|700|||||||&#8221; header_4_line_height=&#8221;1.4em&#8221; background_color=&#8221;#ffffff&#8221; custom_padding=&#8221;3em|3em|3em|3em|true|true&#8221; custom_padding_tablet=&#8221;&#8221; custom_padding_phone=&#8221;2em|2em|2em|2em|true|true&#8221; custom_padding_last_edited=&#8221;on|phone&#8221; header_4_font_size_tablet=&#8221;&#8221; header_4_font_size_phone=&#8221;16px&#8221; header_4_font_size_last_edited=&#8221;on|phone&#8221; box_shadow_style=&#8221;preset1&#8243; box_shadow_vertical=&#8221;10px&#8221; box_shadow_blur=&#8221;30px&#8221; box_shadow_color=&#8221;rgba(0,0,0,0.1)&#8221; global_colors_info=&#8221;{}&#8221;]<\/p>\n<p><img loading=\"lazy\" decoding=\"async\" class=\"wp-image-3440 alignleft\" src=\"https:\/\/www.toyotec.com\/wp-content\/uploads\/2021\/10\/\u30ec\u30f3\u30ba\u7d39\u4ecb2109\u4fee\u6b63-1024x683.jpg\" alt=\"\" width=\"337\" height=\"224\" srcset=\"https:\/\/www.toyotec.com\/wp-content\/uploads\/2021\/10\/\u30ec\u30f3\u30ba\u7d39\u4ecb2109\u4fee\u6b63-1024x683.jpg 1024w, https:\/\/www.toyotec.com\/wp-content\/uploads\/2021\/10\/\u30ec\u30f3\u30ba\u7d39\u4ecb2109\u4fee\u6b63-300x200.jpg 300w, https:\/\/www.toyotec.com\/wp-content\/uploads\/2021\/10\/\u30ec\u30f3\u30ba\u7d39\u4ecb2109\u4fee\u6b63-768x512.jpg 768w, https:\/\/www.toyotec.com\/wp-content\/uploads\/2021\/10\/\u30ec\u30f3\u30ba\u7d39\u4ecb2109\u4fee\u6b63-1536x1025.jpg 1536w, https:\/\/www.toyotec.com\/wp-content\/uploads\/2021\/10\/\u30ec\u30f3\u30ba\u7d39\u4ecb2109\u4fee\u6b63-2048x1366.jpg 2048w, https:\/\/www.toyotec.com\/wp-content\/uploads\/2021\/10\/\u30ec\u30f3\u30ba\u7d39\u4ecb2109\u4fee\u6b63-16x12.jpg 16w, https:\/\/www.toyotec.com\/wp-content\/uploads\/2021\/10\/\u30ec\u30f3\u30ba\u7d39\u4ecb2109\u4fee\u6b63-1080x720.jpg 1080w, https:\/\/www.toyotec.com\/wp-content\/uploads\/2021\/10\/\u30ec\u30f3\u30ba\u7d39\u4ecb2109\u4fee\u6b63-1280x854.jpg 1280w, https:\/\/www.toyotec.com\/wp-content\/uploads\/2021\/10\/\u30ec\u30f3\u30ba\u7d39\u4ecb2109\u4fee\u6b63-980x654.jpg 980w, https:\/\/www.toyotec.com\/wp-content\/uploads\/2021\/10\/\u30ec\u30f3\u30ba\u7d39\u4ecb2109\u4fee\u6b63-480x320.jpg 480w\" sizes=\"(max-width: 337px) 100vw, 337px\" \/><\/p>\n<p>TOYOTEC ist ein umfassender Hersteller von Optoelektronik, der die Bed\u00fcrfnisse unserer Kunden aus Design und Entwicklung kommerzialisieren kann, basierend auf den drei Fachgebieten Opto (Optik), Mechanik (Pr\u00e4zisionsmaschinen) und Elektronik.<\/p>\n<p>Wir konzentrieren uns auf die Kerntechnologie von Glaslinsen, Kunststofflinsen und feinmechanischen Kunststoffen, und um die Managementressourcen auf wichtige Produkte des Kunden\/Marktes zu konzentrieren, versuchen wir immer, die Produktionstechnologie aufzubauen, um die zuk\u00fcnftige Nachfrage oder Technologie-Roadmap zu erf\u00fcllen. Wir m\u00f6chten Ihr Partner f\u00fcr aktuelle und zuk\u00fcnftige Gesch\u00e4fte sein.<\/p>\n<p>&nbsp;<\/p>\n<table>\n<tbody>\n<tr>\n<td>\n<h5><\/h5>\n<\/td>\n<td>\n<h4>TOYOTEC Co., Ltd.<br \/>(Firmennr.: 6180301010369)<\/h4>\n<\/td>\n<\/tr>\n<\/tbody>\n<\/table>\n<p>&nbsp;<\/p>\n<table class=\"big_pad\">\n<tbody>\n<tr>\n<td><img loading=\"lazy\" decoding=\"async\" class=\"wp-image-269 alignnone size-full\" src=\"http:\/\/toyotec.com\/wp-content\/uploads\/2021\/02\/placeholder.png\" alt=\"\" width=\"13\" height=\"18\" srcset=\"https:\/\/www.toyotec.com\/wp-content\/uploads\/2021\/02\/placeholder.png 13w, https:\/\/www.toyotec.com\/wp-content\/uploads\/2021\/02\/placeholder-9x12.png 9w\" sizes=\"(max-width: 13px) 100vw, 13px\" \/><\/td>\n<td>\n<h5><strong>Adresse<\/strong><\/h5>\n<h5><strong>Hauptsitz (Hauptsitz von Toyo-Circle)<\/strong><\/h5>\n<p><span style=\"font-family: inherit; font-size: inherit;\">2-35, Nishiyutaka, Toyokawa, Aichi, 442-0024, Japan<\/span><\/p>\n<p><a href=\"tel: 81 533 85 1110\">TEL: +81 533 85 1110<\/a><br \/><a href=\"tel: 81 533 85 1458\">FAX: +81 533 85 1458<\/a><\/p>\n<\/td>\n<\/tr>\n<tr>\n<td><\/td>\n<td>\n<h5><strong>Allgemeine Angelegenheiten<\/strong><\/h5>\n<p><span style=\"font-family: inherit; font-size: inherit;\">2-35 Shinyutakamachi, Toyokawa-shi, Aichi 442-0012, Japan<\/span><br \/><a href=\"tel:(0533) 85-1185\">TEL: +81 0533 85 1185 <\/a><br \/><a href=\"tel:(0533) 89-0801\">FAX: +81 0533 89 0801<\/a><\/p>\n<\/td>\n<\/tr>\n<tr>\n<td><\/td>\n<td>\n<h5><strong>F&amp;E, Vertrieb, Technische Abteilung Kunststofflinsen, Qualit\u00e4tssicherung<\/strong><\/h5>\n<p><span style=\"font-family: inherit; font-size: inherit;\">2-30 Shinyutakamachi, Toyokawa-shi, Aichi 442-0012, Japan<\/span><br \/><a href=\"tel:(0533) 85-3000\">TEL: +81 0533 85 2450<\/a><br \/><a href=\"tel:(0533) 85-6033\">FAX: +81 0533 85 6033<\/a><\/p>\n<\/td>\n<\/tr>\n<tr>\n<td><\/td>\n<td><\/td>\n<\/tr>\n<tr>\n<td><\/td>\n<td>\n<h5><strong>Etabliert<\/strong><\/h5>\n<p>15. November 1960 (Showa 35)<\/p>\n<\/td>\n<\/tr>\n<tr>\n<td><\/td>\n<td>\n<h5><strong>Kapital<\/strong><\/h5>\n<p>80.000.000 Yen<\/p>\n<\/td>\n<\/tr>\n<tr>\n<td><\/td>\n<td>\n<h5><strong>Vorstand \/<\/strong><\/h5>\n<h5><strong>Exekutivkomitee<\/strong><\/h5>\n<table style=\"width: 941px; height: 144px;\">\n<tbody>\n<tr style=\"height: 24px;\">\n<td style=\"width: 203.266px; height: 24px;\">Vorsitzender und stellvertretender Direktor<\/td>\n<td style=\"width: 721.734px; height: 24px;\">Yoshiaki Ono<\/td>\n<\/tr>\n<tr style=\"height: 24px;\">\n<td style=\"width: 203.266px; height: 24px;\">Pr\u00e4sident und CEO<\/td>\n<td style=\"width: 721.734px; height: 24px;\">Satoru Ono<\/td>\n<\/tr>\n<tr style=\"height: 24px;\">\n<td style=\"width: 203.266px; height: 24px;\">Direktor<\/td>\n<td style=\"width: 721.734px; height: 24px;\">Yuji Nobunaga<\/td>\n<\/tr>\n<tr style=\"height: 24px;\">\n<td style=\"width: 203.266px; height: 24px;\">Non-executive Auditor<\/td>\n<td style=\"width: 721.734px; height: 24px;\">Syuichi Kasai<\/td>\n<\/tr>\n<tr style=\"height: 24px;\">\n<td style=\"width: 203.266px; height: 24px;\">Gesch\u00e4ftsf\u00fchrer<\/td>\n<td style=\"width: 721.734px; height: 24px;\">Yuji Nobunaga<\/td>\n<\/tr>\n<tr style=\"height: 24px;\">\n<td style=\"width: 203.266px; height: 24px;\">Gesch\u00e4ftsf\u00fchrer<\/td>\n<td style=\"width: 721.734px; height: 24px;\">\n<p>Hiroaki Shirai, Kazuhiro Kobayashi, Takuya Sakata<\/p>\n<p>Michihide Makihara, Hideaki Hanai<\/p>\n<\/td>\n<\/tr>\n<\/tbody>\n<\/table>\n<\/td>\n<\/tr>\n<\/tbody>\n<\/table>\n<p>[\/et_pb_text][\/et_pb_column][\/et_pb_row][\/et_pb_section]<\/p>","protected":false},"excerpt":{"rendered":"<p>TOYOTEC is a comprehensive manufacturer of Optoelectronics which can commercialize the needs of our customers from design &amp; development, based on the three expertises, Opto(Optics), Mechanical(Precision Machinery), Electronics(electronic technology). We are focusing on core technology of Glass lens, Plastic lens, and Precision engineering plastics and to concentrate management resources on important products of customer\/market, we [&hellip;]<\/p>","protected":false},"author":1,"featured_media":0,"parent":6698,"menu_order":0,"comment_status":"closed","ping_status":"closed","template":"","meta":{"_et_pb_use_builder":"on","_et_pb_old_content":"","_et_gb_content_width":"","footnotes":""},"class_list":["post-57","page","type-page","status-publish","hentry"],"acf":[],"yoast_head":"<!-- This site is optimized with the Yoast SEO plugin v21.8.1 - https:\/\/yoast.com\/wordpress\/plugins\/seo\/ -->\n<title>About Us | Optomechatronics manufacturer\uff5cTOYOTEC Co., Ltd.\u3000<\/title>\n<meta name=\"description\" content=\"TOYOTEC provides the one-stop solution for your needs in the field of Optical Design Technology, Precision mechanics.\" \/>\n<meta name=\"robots\" content=\"index, follow, max-snippet:-1, max-image-preview:large, max-video-preview:-1\" \/>\n<link rel=\"canonical\" href=\"https:\/\/www.toyotec.com\/de\/company\/about-us\/\" \/>\n<meta property=\"og:locale\" content=\"de_DE\" \/>\n<meta property=\"og:type\" content=\"article\" \/>\n<meta property=\"og:title\" content=\"About Us | Optomechatronics manufacturer\uff5cTOYOTEC Co., Ltd.\u3000\" \/>\n<meta property=\"og:description\" content=\"TOYOTEC provides the one-stop solution for your needs in the field of Optical Design Technology, Precision mechanics.\" \/>\n<meta property=\"og:url\" content=\"https:\/\/www.toyotec.com\/de\/company\/about-us\/\" \/>\n<meta property=\"og:site_name\" content=\"TOYOTEC Co., Ltd.\" \/>\n<meta property=\"article:publisher\" content=\"https:\/\/www.facebook.com\/ToyotecCoLtd\" \/>\n<meta property=\"article:modified_time\" content=\"2026-03-24T07:13:25+00:00\" \/>\n<meta property=\"og:image\" content=\"http:\/\/toyotec.com\/wp-content\/uploads\/2021\/02\/placeholder.png\" \/>\n<meta name=\"twitter:card\" content=\"summary_large_image\" \/>\n<meta name=\"twitter:label1\" content=\"Gesch\u00e4tzte Lesezeit\" \/>\n\t<meta name=\"twitter:data1\" content=\"2\u00a0Minuten\" \/>\n<script type=\"application\/ld+json\" class=\"yoast-schema-graph\">{\"@context\":\"https:\/\/schema.org\",\"@graph\":[{\"@type\":\"WebPage\",\"@id\":\"https:\/\/www.toyotec.com\/company\/about-us\/\",\"url\":\"https:\/\/www.toyotec.com\/company\/about-us\/\",\"name\":\"About Us | Optomechatronics manufacturer\uff5cTOYOTEC Co., Ltd.\u3000\",\"isPartOf\":{\"@id\":\"https:\/\/www.toyotec.com\/#website\"},\"datePublished\":\"2021-02-01T05:50:49+00:00\",\"dateModified\":\"2026-03-24T07:13:25+00:00\",\"description\":\"TOYOTEC provides the one-stop solution for your needs in the field of Optical Design Technology, Precision mechanics.\",\"breadcrumb\":{\"@id\":\"https:\/\/www.toyotec.com\/company\/about-us\/#breadcrumb\"},\"inLanguage\":\"de\",\"potentialAction\":[{\"@type\":\"ReadAction\",\"target\":[\"https:\/\/www.toyotec.com\/company\/about-us\/\"]}]},{\"@type\":\"BreadcrumbList\",\"@id\":\"https:\/\/www.toyotec.com\/company\/about-us\/#breadcrumb\",\"itemListElement\":[{\"@type\":\"ListItem\",\"position\":1,\"name\":\"Home\",\"item\":\"https:\/\/www.toyotec.com\/\"},{\"@type\":\"ListItem\",\"position\":2,\"name\":\"Company\",\"item\":\"https:\/\/www.toyotec.com\/company\/\"},{\"@type\":\"ListItem\",\"position\":3,\"name\":\"About Us\"}]},{\"@type\":\"WebSite\",\"@id\":\"https:\/\/www.toyotec.com\/#website\",\"url\":\"https:\/\/www.toyotec.com\/\",\"name\":\"TOYOTEC Co., Ltd.\",\"description\":\"Official Corporate Website\",\"publisher\":{\"@id\":\"https:\/\/www.toyotec.com\/#organization\"},\"potentialAction\":[{\"@type\":\"SearchAction\",\"target\":{\"@type\":\"EntryPoint\",\"urlTemplate\":\"https:\/\/www.toyotec.com\/?s={search_term_string}\"},\"query-input\":\"required name=search_term_string\"}],\"inLanguage\":\"de\"},{\"@type\":\"Organization\",\"@id\":\"https:\/\/www.toyotec.com\/#organization\",\"name\":\"Toyotec\",\"url\":\"https:\/\/www.toyotec.com\/\",\"logo\":{\"@type\":\"ImageObject\",\"inLanguage\":\"de\",\"@id\":\"https:\/\/www.toyotec.com\/#\/schema\/logo\/image\/\",\"url\":\"https:\/\/www.toyotec.com\/wp-content\/uploads\/2021\/02\/main-logo.png\",\"contentUrl\":\"https:\/\/www.toyotec.com\/wp-content\/uploads\/2021\/02\/main-logo.png\",\"width\":453,\"height\":62,\"caption\":\"Toyotec\"},\"image\":{\"@id\":\"https:\/\/www.toyotec.com\/#\/schema\/logo\/image\/\"},\"sameAs\":[\"https:\/\/www.facebook.com\/ToyotecCoLtd\",\"https:\/\/www.linkedin.com\/company\/toyotec\/\",\"https:\/\/www.youtube.com\/channel\/UCVKCAe0HpVrHo-XwY0oV2mg\"]}]}<\/script>\n<!-- \/ Yoast SEO plugin. -->","yoast_head_json":{"title":"About Us | Optomechatronics manufacturer\uff5cTOYOTEC Co., Ltd.\u3000","description":"TOYOTEC provides the one-stop solution for your needs in the field of Optical Design Technology, Precision mechanics.","robots":{"index":"index","follow":"follow","max-snippet":"max-snippet:-1","max-image-preview":"max-image-preview:large","max-video-preview":"max-video-preview:-1"},"canonical":"https:\/\/www.toyotec.com\/de\/company\/about-us\/","og_locale":"de_DE","og_type":"article","og_title":"About Us | Optomechatronics manufacturer\uff5cTOYOTEC Co., Ltd.\u3000","og_description":"TOYOTEC provides the one-stop solution for your needs in the field of Optical Design Technology, Precision mechanics.","og_url":"https:\/\/www.toyotec.com\/de\/company\/about-us\/","og_site_name":"TOYOTEC Co., Ltd.","article_publisher":"https:\/\/www.facebook.com\/ToyotecCoLtd","article_modified_time":"2026-03-24T07:13:25+00:00","og_image":[{"url":"http:\/\/toyotec.com\/wp-content\/uploads\/2021\/02\/placeholder.png"}],"twitter_card":"summary_large_image","twitter_misc":{"Gesch\u00e4tzte Lesezeit":"2\u00a0Minuten"},"schema":{"@context":"https:\/\/schema.org","@graph":[{"@type":"WebPage","@id":"https:\/\/www.toyotec.com\/company\/about-us\/","url":"https:\/\/www.toyotec.com\/company\/about-us\/","name":"About Us | Optomechatronics manufacturer\uff5cTOYOTEC Co., Ltd.\u3000","isPartOf":{"@id":"https:\/\/www.toyotec.com\/#website"},"datePublished":"2021-02-01T05:50:49+00:00","dateModified":"2026-03-24T07:13:25+00:00","description":"TOYOTEC provides the one-stop solution for your needs in the field of Optical Design Technology, Precision mechanics.","breadcrumb":{"@id":"https:\/\/www.toyotec.com\/company\/about-us\/#breadcrumb"},"inLanguage":"de","potentialAction":[{"@type":"ReadAction","target":["https:\/\/www.toyotec.com\/company\/about-us\/"]}]},{"@type":"BreadcrumbList","@id":"https:\/\/www.toyotec.com\/company\/about-us\/#breadcrumb","itemListElement":[{"@type":"ListItem","position":1,"name":"Home","item":"https:\/\/www.toyotec.com\/"},{"@type":"ListItem","position":2,"name":"Company","item":"https:\/\/www.toyotec.com\/company\/"},{"@type":"ListItem","position":3,"name":"About Us"}]},{"@type":"WebSite","@id":"https:\/\/www.toyotec.com\/#website","url":"https:\/\/www.toyotec.com\/","name":"TOYOTEC Co., Ltd.","description":"Official Corporate Website","publisher":{"@id":"https:\/\/www.toyotec.com\/#organization"},"potentialAction":[{"@type":"SearchAction","target":{"@type":"EntryPoint","urlTemplate":"https:\/\/www.toyotec.com\/?s={search_term_string}"},"query-input":"required name=search_term_string"}],"inLanguage":"de"},{"@type":"Organization","@id":"https:\/\/www.toyotec.com\/#organization","name":"Toyotec","url":"https:\/\/www.toyotec.com\/","logo":{"@type":"ImageObject","inLanguage":"de","@id":"https:\/\/www.toyotec.com\/#\/schema\/logo\/image\/","url":"https:\/\/www.toyotec.com\/wp-content\/uploads\/2021\/02\/main-logo.png","contentUrl":"https:\/\/www.toyotec.com\/wp-content\/uploads\/2021\/02\/main-logo.png","width":453,"height":62,"caption":"Toyotec"},"image":{"@id":"https:\/\/www.toyotec.com\/#\/schema\/logo\/image\/"},"sameAs":["https:\/\/www.facebook.com\/ToyotecCoLtd","https:\/\/www.linkedin.com\/company\/toyotec\/","https:\/\/www.youtube.com\/channel\/UCVKCAe0HpVrHo-XwY0oV2mg"]}]}},"_links":{"self":[{"href":"https:\/\/www.toyotec.com\/de\/wp-json\/wp\/v2\/pages\/57"}],"collection":[{"href":"https:\/\/www.toyotec.com\/de\/wp-json\/wp\/v2\/pages"}],"about":[{"href":"https:\/\/www.toyotec.com\/de\/wp-json\/wp\/v2\/types\/page"}],"author":[{"embeddable":true,"href":"https:\/\/www.toyotec.com\/de\/wp-json\/wp\/v2\/users\/1"}],"replies":[{"embeddable":true,"href":"https:\/\/www.toyotec.com\/de\/wp-json\/wp\/v2\/comments?post=57"}],"version-history":[{"count":57,"href":"https:\/\/www.toyotec.com\/de\/wp-json\/wp\/v2\/pages\/57\/revisions"}],"predecessor-version":[{"id":7085,"href":"https:\/\/www.toyotec.com\/de\/wp-json\/wp\/v2\/pages\/57\/revisions\/7085"}],"up":[{"embeddable":true,"href":"https:\/\/www.toyotec.com\/de\/wp-json\/wp\/v2\/pages\/6698"}],"wp:attachment":[{"href":"https:\/\/www.toyotec.com\/de\/wp-json\/wp\/v2\/media?parent=57"}],"curies":[{"name":"wp","href":"https:\/\/api.w.org\/{rel}","templated":true}]}}