{"id":56,"date":"2021-02-01T05:50:41","date_gmt":"2021-02-01T05:50:41","guid":{"rendered":"http:\/\/toyotec.corporate.dci.in\/?page_id=56"},"modified":"2026-03-24T16:12:38","modified_gmt":"2026-03-24T07:12:38","slug":"message-from-our-chairman","status":"publish","type":"page","link":"https:\/\/www.toyotec.com\/de\/company\/message-from-our-chairman\/","title":{"rendered":"Message from our Chairman"},"content":{"rendered":"<p>[et_pb_section fb_built=&#8221;1&#8243; _builder_version=&#8221;4.16&#8243; _module_preset=&#8221;default&#8221; global_colors_info=&#8221;{}&#8221;][et_pb_row _builder_version=&#8221;4.16&#8243; _module_preset=&#8221;default&#8221; global_colors_info=&#8221;{}&#8221;][et_pb_column type=&#8221;4_4&#8243; _builder_version=&#8221;4.16&#8243; _module_preset=&#8221;default&#8221; global_colors_info=&#8221;{}&#8221;][et_pb_text module_class=&#8221;company_left_img&#8221; _builder_version=&#8221;4.21.0&#8243; _module_preset=&#8221;default&#8221; background_color=&#8221;#ffffff&#8221; custom_padding=&#8221;3em|3em|3em|3em|true|true&#8221; box_shadow_style=&#8221;preset1&#8243; box_shadow_vertical=&#8221;10px&#8221; box_shadow_blur=&#8221;30px&#8221; box_shadow_color=&#8221;rgba(0,0,0,0.1)&#8221; global_colors_info=&#8221;{}&#8221;]<\/p>\n<p><img decoding=\"async\" class=\"wp-image-233 alignleft size-medium\" src=\"http:\/\/toyotec.com\/wp-content\/uploads\/2021\/02\/Message-from-our-President-Image.png\" alt=\"\" width=\"396\" srcset=\"https:\/\/www.toyotec.com\/wp-content\/uploads\/2021\/02\/Message-from-our-President-Image.png 396w, https:\/\/www.toyotec.com\/wp-content\/uploads\/2021\/02\/Message-from-our-President-Image-300x259.png 300w, https:\/\/www.toyotec.com\/wp-content\/uploads\/2021\/02\/Message-from-our-President-Image-14x12.png 14w\" sizes=\"(max-width: 396px) 100vw, 396px\" \/><\/p>\n<p>\u00a0A Message to Our Customers,<\/p>\n<p><strong>\u201eLasst uns eine Welt voller Licht erschaffen\u201c<\/strong><\/p>\n<p>In den letzten 60 Jahren hat Toyotec Co., Ltd. nach einer Vision gesucht, die der Welt durch optische Technologie eine gl\u00e4nzende Zukunft er\u00f6ffnet. Wir haben vorsichtig Beziehungen zu den Menschen aufgebaut, viele neue Unternehmen gegr\u00fcndet, Orte geschaffen, an denen Mitarbeiter mit K\u00f6nnen und Verstand motiviert sind, den neuen Wert von Optik und Pr\u00e4zision aus den gleichen Gesichtspunkten wie unsere Kunden zu schaffen. Und wir sind alle zusammen gewachsen.<\/p>\n<p>Heutzutage wird sich das Gesch\u00e4ftsumfeld mit H\u00f6chstgeschwindigkeit \u00e4ndern. Wir bewerten die optische und feinmechanische Technologie als unsere Kernkompetenz und schaffen unser urspr\u00fcngliches \u00d6kosystem, das vom optischen und mechanischen Design und der Entwicklung bis zur Fertigung und Qualit\u00e4tssicherung funktioniert. Unsere Gesch\u00e4fts- und Technikidee wird den Wert des Lichts f\u00fcr die Kunden auf ein unsch\u00e4tzbares Niveau steigern.<\/p>\n<p>Unser Marketing- und Vertriebsteam erweiterte strategisch seine M\u00e4rkte und Wir glauben, dass technologische Innovation und Digitalisierung in Zukunft unsere Kompetenz in der optischen Technologie beeinflussen werden und diese Ver\u00e4nderungen auch die menschliche Evolution beeinflussen und zu nachhaltigem Wachstum beitragen werden. Wir hoffen, dass Toyotec als einer der technischen Akteure anerkannt wird, um es f\u00fcr Kunden und die Welt wertvoll zu machen.<\/p>\n<p>Unser Marketing- und Vertriebsteam erweiterte strategisch seine M\u00e4rkte und Auslandsbeziehungen von Asien (Japan, China etc.) nach Nordamerika und Europa, um neue Gesch\u00e4ftspartner zu treffen, und unser Produktionsteam richtete unser Fabrikportfolio in Japan, China und weiter L\u00e4nder ein. Unser F&amp;E-Team ist st\u00e4ndig auf der Suche nach neuen Technologien und sucht Variationen optischer Technik, die f\u00fcr die Anforderungen unserer Kunden geeignet sind.<\/p>\n<p>Vorsitzender und stellvertretender Direktor<br \/>Yoshiaki Ono<\/p>\n<p>[\/et_pb_text][\/et_pb_column][\/et_pb_row][\/et_pb_section]<\/p>","protected":false},"excerpt":{"rendered":"<p>\u00a0A Message to Our Customers, \u201cMake a brilliant society by light\u201d For the last 60 years, Toyotec Co., Ltd. has sought a vision that optical technology introduces a brilliant future to the world. We made relationships with the people cautiously, started many new businesses, produced place of motivating employees with skill and sound mind, created [&hellip;]<\/p>","protected":false},"author":1,"featured_media":0,"parent":6698,"menu_order":0,"comment_status":"closed","ping_status":"closed","template":"page-with-breadcrumbs.php","meta":{"_et_pb_use_builder":"on","_et_pb_old_content":"","_et_gb_content_width":"","footnotes":""},"class_list":["post-56","page","type-page","status-publish","hentry"],"acf":[],"yoast_head":"<!-- This site is optimized with the Yoast SEO plugin v21.8.1 - https:\/\/yoast.com\/wordpress\/plugins\/seo\/ -->\n<title>Message from our Chairman\uff5cTOYOTEC Co., Ltd.<\/title>\n<meta name=\"description\" content=\"Based on our philosophy of &quot;creating a world full of light,&quot; we aim to achieve further growth by expanding globally, challenging new technologies, and always making proposals from the client&#039;s perspective.\" \/>\n<meta name=\"robots\" content=\"index, follow, max-snippet:-1, max-image-preview:large, max-video-preview:-1\" \/>\n<link rel=\"canonical\" href=\"https:\/\/www.toyotec.com\/de\/company\/message-from-our-president\/\" \/>\n<meta property=\"og:locale\" content=\"de_DE\" \/>\n<meta property=\"og:type\" content=\"article\" \/>\n<meta property=\"og:title\" content=\"Message from our Chairman\uff5cTOYOTEC Co., Ltd.\" \/>\n<meta property=\"og:description\" content=\"Based on our philosophy of &quot;creating a world full of light,&quot; we aim to achieve further growth by expanding globally, challenging new technologies, and always making proposals from the client&#039;s perspective.\" \/>\n<meta property=\"og:url\" content=\"https:\/\/www.toyotec.com\/de\/company\/message-from-our-president\/\" \/>\n<meta property=\"og:site_name\" content=\"TOYOTEC Co., Ltd.\" \/>\n<meta property=\"article:publisher\" content=\"https:\/\/www.facebook.com\/ToyotecCoLtd\" \/>\n<meta property=\"article:modified_time\" content=\"2026-03-24T07:12:38+00:00\" \/>\n<meta property=\"og:image\" content=\"http:\/\/toyotec.com\/wp-content\/uploads\/2021\/02\/Message-from-our-President-Image.png\" \/>\n<meta name=\"twitter:card\" content=\"summary_large_image\" \/>\n<meta name=\"twitter:label1\" content=\"Gesch\u00e4tzte Lesezeit\" \/>\n\t<meta name=\"twitter:data1\" content=\"2\u00a0Minuten\" \/>\n<script type=\"application\/ld+json\" class=\"yoast-schema-graph\">{\"@context\":\"https:\/\/schema.org\",\"@graph\":[{\"@type\":\"WebPage\",\"@id\":\"https:\/\/www.toyotec.com\/company\/message-from-our-chairman\/\",\"url\":\"https:\/\/www.toyotec.com\/company\/message-from-our-president\/\",\"name\":\"Message from our Chairman\uff5cTOYOTEC Co., Ltd.\",\"isPartOf\":{\"@id\":\"https:\/\/www.toyotec.com\/#website\"},\"datePublished\":\"2021-02-01T05:50:41+00:00\",\"dateModified\":\"2026-03-24T07:12:38+00:00\",\"description\":\"Based on our philosophy of \\\"creating a world full of light,\\\" we aim to achieve further growth by expanding globally, challenging new technologies, and always making proposals from the client's perspective.\",\"breadcrumb\":{\"@id\":\"https:\/\/www.toyotec.com\/company\/message-from-our-president\/#breadcrumb\"},\"inLanguage\":\"de\",\"potentialAction\":[{\"@type\":\"ReadAction\",\"target\":[\"https:\/\/www.toyotec.com\/company\/message-from-our-president\/\"]}]},{\"@type\":\"BreadcrumbList\",\"@id\":\"https:\/\/www.toyotec.com\/company\/message-from-our-president\/#breadcrumb\",\"itemListElement\":[{\"@type\":\"ListItem\",\"position\":1,\"name\":\"Home\",\"item\":\"https:\/\/www.toyotec.com\/\"},{\"@type\":\"ListItem\",\"position\":2,\"name\":\"Company\",\"item\":\"https:\/\/www.toyotec.com\/company\/\"},{\"@type\":\"ListItem\",\"position\":3,\"name\":\"Message from our Chairman\"}]},{\"@type\":\"WebSite\",\"@id\":\"https:\/\/www.toyotec.com\/#website\",\"url\":\"https:\/\/www.toyotec.com\/\",\"name\":\"TOYOTEC Co., Ltd.\",\"description\":\"Official Corporate Website\",\"publisher\":{\"@id\":\"https:\/\/www.toyotec.com\/#organization\"},\"potentialAction\":[{\"@type\":\"SearchAction\",\"target\":{\"@type\":\"EntryPoint\",\"urlTemplate\":\"https:\/\/www.toyotec.com\/?s={search_term_string}\"},\"query-input\":\"required name=search_term_string\"}],\"inLanguage\":\"de\"},{\"@type\":\"Organization\",\"@id\":\"https:\/\/www.toyotec.com\/#organization\",\"name\":\"Toyotec\",\"url\":\"https:\/\/www.toyotec.com\/\",\"logo\":{\"@type\":\"ImageObject\",\"inLanguage\":\"de\",\"@id\":\"https:\/\/www.toyotec.com\/#\/schema\/logo\/image\/\",\"url\":\"https:\/\/www.toyotec.com\/wp-content\/uploads\/2021\/02\/main-logo.png\",\"contentUrl\":\"https:\/\/www.toyotec.com\/wp-content\/uploads\/2021\/02\/main-logo.png\",\"width\":453,\"height\":62,\"caption\":\"Toyotec\"},\"image\":{\"@id\":\"https:\/\/www.toyotec.com\/#\/schema\/logo\/image\/\"},\"sameAs\":[\"https:\/\/www.facebook.com\/ToyotecCoLtd\",\"https:\/\/www.linkedin.com\/company\/toyotec\/\",\"https:\/\/www.youtube.com\/channel\/UCVKCAe0HpVrHo-XwY0oV2mg\"]}]}<\/script>\n<!-- \/ Yoast SEO plugin. -->","yoast_head_json":{"title":"Message from our Chairman\uff5cTOYOTEC Co., Ltd.","description":"Based on our philosophy of \"creating a world full of light,\" we aim to achieve further growth by expanding globally, challenging new technologies, and always making proposals from the client's perspective.","robots":{"index":"index","follow":"follow","max-snippet":"max-snippet:-1","max-image-preview":"max-image-preview:large","max-video-preview":"max-video-preview:-1"},"canonical":"https:\/\/www.toyotec.com\/de\/company\/message-from-our-president\/","og_locale":"de_DE","og_type":"article","og_title":"Message from our Chairman\uff5cTOYOTEC Co., Ltd.","og_description":"Based on our philosophy of \"creating a world full of light,\" we aim to achieve further growth by expanding globally, challenging new technologies, and always making proposals from the client's perspective.","og_url":"https:\/\/www.toyotec.com\/de\/company\/message-from-our-president\/","og_site_name":"TOYOTEC Co., Ltd.","article_publisher":"https:\/\/www.facebook.com\/ToyotecCoLtd","article_modified_time":"2026-03-24T07:12:38+00:00","og_image":[{"url":"http:\/\/toyotec.com\/wp-content\/uploads\/2021\/02\/Message-from-our-President-Image.png"}],"twitter_card":"summary_large_image","twitter_misc":{"Gesch\u00e4tzte Lesezeit":"2\u00a0Minuten"},"schema":{"@context":"https:\/\/schema.org","@graph":[{"@type":"WebPage","@id":"https:\/\/www.toyotec.com\/company\/message-from-our-chairman\/","url":"https:\/\/www.toyotec.com\/company\/message-from-our-president\/","name":"Message from our Chairman\uff5cTOYOTEC Co., Ltd.","isPartOf":{"@id":"https:\/\/www.toyotec.com\/#website"},"datePublished":"2021-02-01T05:50:41+00:00","dateModified":"2026-03-24T07:12:38+00:00","description":"Based on our philosophy of \"creating a world full of light,\" we aim to achieve further growth by expanding globally, challenging new technologies, and always making proposals from the client's perspective.","breadcrumb":{"@id":"https:\/\/www.toyotec.com\/company\/message-from-our-president\/#breadcrumb"},"inLanguage":"de","potentialAction":[{"@type":"ReadAction","target":["https:\/\/www.toyotec.com\/company\/message-from-our-president\/"]}]},{"@type":"BreadcrumbList","@id":"https:\/\/www.toyotec.com\/company\/message-from-our-president\/#breadcrumb","itemListElement":[{"@type":"ListItem","position":1,"name":"Home","item":"https:\/\/www.toyotec.com\/"},{"@type":"ListItem","position":2,"name":"Company","item":"https:\/\/www.toyotec.com\/company\/"},{"@type":"ListItem","position":3,"name":"Message from our Chairman"}]},{"@type":"WebSite","@id":"https:\/\/www.toyotec.com\/#website","url":"https:\/\/www.toyotec.com\/","name":"TOYOTEC Co., Ltd.","description":"Official Corporate Website","publisher":{"@id":"https:\/\/www.toyotec.com\/#organization"},"potentialAction":[{"@type":"SearchAction","target":{"@type":"EntryPoint","urlTemplate":"https:\/\/www.toyotec.com\/?s={search_term_string}"},"query-input":"required name=search_term_string"}],"inLanguage":"de"},{"@type":"Organization","@id":"https:\/\/www.toyotec.com\/#organization","name":"Toyotec","url":"https:\/\/www.toyotec.com\/","logo":{"@type":"ImageObject","inLanguage":"de","@id":"https:\/\/www.toyotec.com\/#\/schema\/logo\/image\/","url":"https:\/\/www.toyotec.com\/wp-content\/uploads\/2021\/02\/main-logo.png","contentUrl":"https:\/\/www.toyotec.com\/wp-content\/uploads\/2021\/02\/main-logo.png","width":453,"height":62,"caption":"Toyotec"},"image":{"@id":"https:\/\/www.toyotec.com\/#\/schema\/logo\/image\/"},"sameAs":["https:\/\/www.facebook.com\/ToyotecCoLtd","https:\/\/www.linkedin.com\/company\/toyotec\/","https:\/\/www.youtube.com\/channel\/UCVKCAe0HpVrHo-XwY0oV2mg"]}]}},"_links":{"self":[{"href":"https:\/\/www.toyotec.com\/de\/wp-json\/wp\/v2\/pages\/56"}],"collection":[{"href":"https:\/\/www.toyotec.com\/de\/wp-json\/wp\/v2\/pages"}],"about":[{"href":"https:\/\/www.toyotec.com\/de\/wp-json\/wp\/v2\/types\/page"}],"author":[{"embeddable":true,"href":"https:\/\/www.toyotec.com\/de\/wp-json\/wp\/v2\/users\/1"}],"replies":[{"embeddable":true,"href":"https:\/\/www.toyotec.com\/de\/wp-json\/wp\/v2\/comments?post=56"}],"version-history":[{"count":32,"href":"https:\/\/www.toyotec.com\/de\/wp-json\/wp\/v2\/pages\/56\/revisions"}],"predecessor-version":[{"id":7084,"href":"https:\/\/www.toyotec.com\/de\/wp-json\/wp\/v2\/pages\/56\/revisions\/7084"}],"up":[{"embeddable":true,"href":"https:\/\/www.toyotec.com\/de\/wp-json\/wp\/v2\/pages\/6698"}],"wp:attachment":[{"href":"https:\/\/www.toyotec.com\/de\/wp-json\/wp\/v2\/media?parent=56"}],"curies":[{"name":"wp","href":"https:\/\/api.w.org\/{rel}","templated":true}]}}